{"id":5255,"date":"2023-10-09T10:03:34","date_gmt":"2023-10-09T08:03:34","guid":{"rendered":"https:\/\/fintalk.cz\/?page_id=5255"},"modified":"2023-10-09T14:37:16","modified_gmt":"2023-10-09T12:37:16","slug":"investment","status":"publish","type":"page","link":"https:\/\/fintalk.cz\/en\/investment\/","title":{"rendered":"Investment"},"content":{"rendered":"\t\t<div data-elementor-type=\"wp-page\" data-elementor-id=\"5255\" class=\"elementor elementor-5255 elementor-349\" data-elementor-post-type=\"page\">\n\t\t\t\t\t\t<section class=\"elementor-section elementor-top-section elementor-element elementor-element-53ccd3e elementor-section-height-min-height elementor-section-boxed elementor-section-height-default elementor-section-items-middle\" data-id=\"53ccd3e\" data-element_type=\"section\" data-e-type=\"section\" data-settings=\"{&quot;background_background&quot;:&quot;classic&quot;}\">\n\t\t\t\t\t\t<div class=\"elementor-container elementor-column-gap-default\">\n\t\t\t\t\t<div class=\"elementor-column elementor-col-100 elementor-top-column elementor-element elementor-element-3d83a4ea\" data-id=\"3d83a4ea\" data-element_type=\"column\" data-e-type=\"column\">\n\t\t\t<div class=\"elementor-widget-wrap elementor-element-populated\">\n\t\t\t\t\t\t<div class=\"elementor-element elementor-element-3daa3e9d elementor-widget elementor-widget-text-editor\" data-id=\"3daa3e9d\" data-element_type=\"widget\" data-e-type=\"widget\" data-widget_type=\"text-editor.default\">\n\t\t\t\t<div class=\"elementor-widget-container\">\n\t\t\t\t\t\t\t\t\t<p>We can help you there, too<\/p>\t\t\t\t\t\t\t\t<\/div>\n\t\t\t\t<\/div>\n\t\t\t\t<div class=\"elementor-element elementor-element-35e46824 elementor-widget elementor-widget-heading\" data-id=\"35e46824\" data-element_type=\"widget\" data-e-type=\"widget\" data-widget_type=\"heading.default\">\n\t\t\t\t<div class=\"elementor-widget-container\">\n\t\t\t\t\t<h1 class=\"elementor-heading-title elementor-size-default\">Investment<\/h1>\t\t\t\t<\/div>\n\t\t\t\t<\/div>\n\t\t\t\t\t<\/div>\n\t\t<\/div>\n\t\t\t\t\t<\/div>\n\t\t<\/section>\n\t\t\t\t<section class=\"elementor-section elementor-inner-section elementor-element elementor-element-5b00f43f elementor-section-boxed elementor-section-height-default elementor-section-height-default\" data-id=\"5b00f43f\" data-element_type=\"section\" data-e-type=\"section\">\n\t\t\t\t\t\t<div class=\"elementor-container elementor-column-gap-default\">\n\t\t\t\t\t<div class=\"elementor-column elementor-col-50 elementor-inner-column elementor-element elementor-element-2daaa9cc\" data-id=\"2daaa9cc\" data-element_type=\"column\" data-e-type=\"column\">\n\t\t\t<div class=\"elementor-widget-wrap elementor-element-populated\">\n\t\t\t\t\t\t<div class=\"elementor-element elementor-element-7743bcc2 elementor-widget elementor-widget-image\" data-id=\"7743bcc2\" data-element_type=\"widget\" data-e-type=\"widget\" data-widget_type=\"image.default\">\n\t\t\t\t<div class=\"elementor-widget-container\">\n\t\t\t\t\t\t\t\t\t\t\t\t\t\t\t<img fetchpriority=\"high\" decoding=\"async\" width=\"800\" height=\"541\" src=\"https:\/\/fintalk.cz\/wp-content\/uploads\/2019\/12\/investice-1024x692.jpg\" class=\"attachment-large size-large wp-image-700\" alt=\"\" srcset=\"https:\/\/fintalk.cz\/wp-content\/uploads\/2019\/12\/investice-1024x692.jpg 1024w, https:\/\/fintalk.cz\/wp-content\/uploads\/2019\/12\/investice-300x203.jpg 300w, https:\/\/fintalk.cz\/wp-content\/uploads\/2019\/12\/investice-768x519.jpg 768w, https:\/\/fintalk.cz\/wp-content\/uploads\/2019\/12\/investice-1536x1038.jpg 1536w, https:\/\/fintalk.cz\/wp-content\/uploads\/2019\/12\/investice.jpg 1920w\" sizes=\"(max-width: 800px) 100vw, 800px\" \/>\t\t\t\t\t\t\t\t\t\t\t\t\t\t\t<\/div>\n\t\t\t\t<\/div>\n\t\t\t\t\t<\/div>\n\t\t<\/div>\n\t\t\t\t<div class=\"elementor-column elementor-col-50 elementor-inner-column elementor-element elementor-element-3791578e\" data-id=\"3791578e\" data-element_type=\"column\" data-e-type=\"column\">\n\t\t\t<div class=\"elementor-widget-wrap elementor-element-populated\">\n\t\t\t\t\t\t<div class=\"elementor-element elementor-element-434cf1ea elementor-widget elementor-widget-text-editor\" data-id=\"434cf1ea\" data-element_type=\"widget\" data-e-type=\"widget\" data-widget_type=\"text-editor.default\">\n\t\t\t\t<div class=\"elementor-widget-container\">\n\t\t\t\t\t\t\t\t\t<p>Are you Interested in appreciating of your resources? Are products such as savings accounts, building savingst, fixed-term deposits or pension savings account not enough for you? Dis you know that higher appreciation comes with a higher risk of loss and are you willing to accept that? Talk to us about how to properly set up your investment portfolio so that you can sleep well at night knowing that your money is not just sitting there and you don\u2019t have to wake up worrying about losing it.<\/p>\n<p><strong>The goal of investing is not just to provide for your retirement, but for your and your loved ones\u2019 immediate future.<\/strong><\/p>\n<p><\/p>\t\t\t\t\t\t\t\t<\/div>\n\t\t\t\t<\/div>\n\t\t\t\t\t<\/div>\n\t\t<\/div>\n\t\t\t\t\t<\/div>\n\t\t<\/section>\n\t\t\t\t<section class=\"elementor-section elementor-top-section elementor-element elementor-element-6aaff827 elementor-section-boxed elementor-section-height-default elementor-section-height-default\" data-id=\"6aaff827\" data-element_type=\"section\" data-e-type=\"section\">\n\t\t\t\t\t\t<div class=\"elementor-container elementor-column-gap-default\">\n\t\t\t\t\t<div class=\"elementor-column elementor-col-100 elementor-top-column elementor-element elementor-element-115420b1\" data-id=\"115420b1\" data-element_type=\"column\" data-e-type=\"column\">\n\t\t\t<div class=\"elementor-widget-wrap elementor-element-populated\">\n\t\t\t\t\t\t<section class=\"elementor-section elementor-inner-section elementor-element elementor-element-737f7836 elementor-section-boxed elementor-section-height-default elementor-section-height-default\" data-id=\"737f7836\" data-element_type=\"section\" data-e-type=\"section\">\n\t\t\t\t\t\t<div class=\"elementor-container elementor-column-gap-default\">\n\t\t\t\t\t<div class=\"elementor-column elementor-col-50 elementor-inner-column elementor-element elementor-element-6989e50\" data-id=\"6989e50\" data-element_type=\"column\" data-e-type=\"column\">\n\t\t\t<div class=\"elementor-widget-wrap elementor-element-populated\">\n\t\t\t\t\t\t<div class=\"elementor-element elementor-element-2c1d4a9c elementor-widget elementor-widget-text-editor\" data-id=\"2c1d4a9c\" data-element_type=\"widget\" data-e-type=\"widget\" data-widget_type=\"text-editor.default\">\n\t\t\t\t<div class=\"elementor-widget-container\">\n\t\t\t\t\t\t\t\t\t<p>Investment products are one of the essential components of any good financial plan. They allow you to build up your funds efficiently. And you\u2019ll need this money in the future to meet your financial goals, such as buying your own home, buying a car, paying for your children\u2019s education or having additional savings for retirement. And you need to set up your investment plan according to on how much money you need and when. The sooner you start preparing for these important moments, the easier it will be to manage everything. But remember that every investment comes with a risk of loss. And any investment with the potential for higher profits can also mean a significant loss.<\/p><p>Our specialists can help you set up your investment portfolio so that you not only achieve your financial goals, but also achieve them with an acceptable level of risk.<\/p><p><strong>Our specialists can help you set up your investment portfolio so that you not only achieve your financial goals, but also achieve them with an acceptable level of risk.<\/strong><\/p>\t\t\t\t\t\t\t\t<\/div>\n\t\t\t\t<\/div>\n\t\t\t\t\t<\/div>\n\t\t<\/div>\n\t\t\t\t<div class=\"elementor-column elementor-col-50 elementor-inner-column elementor-element elementor-element-bd3a434\" data-id=\"bd3a434\" data-element_type=\"column\" data-e-type=\"column\">\n\t\t\t<div class=\"elementor-widget-wrap elementor-element-populated\">\n\t\t\t\t\t\t<div class=\"elementor-element elementor-element-3815e2fb elementor-widget elementor-widget-image\" data-id=\"3815e2fb\" data-element_type=\"widget\" data-e-type=\"widget\" data-widget_type=\"image.default\">\n\t\t\t\t<div class=\"elementor-widget-container\">\n\t\t\t\t\t\t\t\t\t\t\t\t\t\t\t<img decoding=\"async\" width=\"800\" height=\"556\" src=\"https:\/\/fintalk.cz\/wp-content\/uploads\/2019\/12\/coffee-break-1177540_1920-1024x712.jpg\" class=\"attachment-large size-large wp-image-683\" alt=\"\" srcset=\"https:\/\/fintalk.cz\/wp-content\/uploads\/2019\/12\/coffee-break-1177540_1920-1024x712.jpg 1024w, https:\/\/fintalk.cz\/wp-content\/uploads\/2019\/12\/coffee-break-1177540_1920-300x209.jpg 300w, https:\/\/fintalk.cz\/wp-content\/uploads\/2019\/12\/coffee-break-1177540_1920-768x534.jpg 768w, https:\/\/fintalk.cz\/wp-content\/uploads\/2019\/12\/coffee-break-1177540_1920-1536x1068.jpg 1536w, https:\/\/fintalk.cz\/wp-content\/uploads\/2019\/12\/coffee-break-1177540_1920.jpg 1920w\" sizes=\"(max-width: 800px) 100vw, 800px\" \/>\t\t\t\t\t\t\t\t\t\t\t\t\t\t\t<\/div>\n\t\t\t\t<\/div>\n\t\t\t\t\t<\/div>\n\t\t<\/div>\n\t\t\t\t\t<\/div>\n\t\t<\/section>\n\t\t\t\t\t<\/div>\n\t\t<\/div>\n\t\t\t\t\t<\/div>\n\t\t<\/section>\n\t\t\t\t<section class=\"elementor-section elementor-top-section elementor-element elementor-element-10134170 elementor-section-boxed elementor-section-height-default elementor-section-height-default\" data-id=\"10134170\" data-element_type=\"section\" data-e-type=\"section\" data-settings=\"{&quot;background_background&quot;:&quot;classic&quot;}\">\n\t\t\t\t\t\t<div class=\"elementor-container elementor-column-gap-default\">\n\t\t\t\t\t<div class=\"elementor-column elementor-col-100 elementor-top-column elementor-element elementor-element-1eb1e137\" data-id=\"1eb1e137\" data-element_type=\"column\" data-e-type=\"column\">\n\t\t\t<div class=\"elementor-widget-wrap elementor-element-populated\">\n\t\t\t\t\t\t<div class=\"elementor-element elementor-element-5c63efd elementor-widget elementor-widget-template\" data-id=\"5c63efd\" data-element_type=\"widget\" data-e-type=\"widget\" data-widget_type=\"template.default\">\n\t\t\t\t<div class=\"elementor-widget-container\">\n\t\t\t\t\t\t\t<div class=\"elementor-template\">\n\t\t\t\t\t<div data-elementor-type=\"section\" data-elementor-id=\"282\" class=\"elementor elementor-282\" data-elementor-post-type=\"elementor_library\">\n\t\t\t\t\t<section class=\"elementor-section elementor-top-section elementor-element elementor-element-5558a1f elementor-section-boxed elementor-section-height-default elementor-section-height-default\" data-id=\"5558a1f\" data-element_type=\"section\" data-e-type=\"section\" data-settings=\"{&quot;background_background&quot;:&quot;classic&quot;}\">\n\t\t\t\t\t\t<div class=\"elementor-container elementor-column-gap-default\">\n\t\t\t\t\t<div class=\"elementor-column elementor-col-100 elementor-top-column elementor-element elementor-element-ac264fd\" data-id=\"ac264fd\" data-element_type=\"column\" data-e-type=\"column\" data-settings=\"{&quot;background_background&quot;:&quot;classic&quot;}\">\n\t\t\t<div class=\"elementor-widget-wrap elementor-element-populated\">\n\t\t\t\t\t\t<div class=\"elementor-element elementor-element-7ba26b0 elementor-widget elementor-widget-heading\" data-id=\"7ba26b0\" data-element_type=\"widget\" data-e-type=\"widget\" data-widget_type=\"heading.default\">\n\t\t\t\t<div class=\"elementor-widget-container\">\n\t\t\t\t\t<h2 class=\"elementor-heading-title elementor-size-default\">Pot\u0159ebujete pomoci?<\/h2>\t\t\t\t<\/div>\n\t\t\t\t<\/div>\n\t\t\t\t<div class=\"elementor-element elementor-element-e417006 elementor-widget elementor-widget-text-editor\" data-id=\"e417006\" data-element_type=\"widget\" data-e-type=\"widget\" data-widget_type=\"text-editor.default\">\n\t\t\t\t<div class=\"elementor-widget-container\">\n\t\t\t\t\t\t\t\t\t<p>Nev\u00e1hejte se na n\u00e1s obr\u00e1tit s dotazem \u010di prosbou o nez\u00e1vaznou konzultaci.<\/p>\t\t\t\t\t\t\t\t<\/div>\n\t\t\t\t<\/div>\n\t\t\t\t<div class=\"elementor-element elementor-element-97a6521 elementor-align-center elementor-widget elementor-widget-button\" data-id=\"97a6521\" data-element_type=\"widget\" data-e-type=\"widget\" data-widget_type=\"button.default\">\n\t\t\t\t<div class=\"elementor-widget-container\">\n\t\t\t\t\t\t\t\t\t<div class=\"elementor-button-wrapper\">\n\t\t\t\t\t<a class=\"elementor-button elementor-button-link elementor-size-md\" href=\"\/kontakt\/\">\n\t\t\t\t\t\t<span class=\"elementor-button-content-wrapper\">\n\t\t\t\t\t\t<span class=\"elementor-button-icon\">\n\t\t\t\t<i aria-hidden=\"true\" class=\"fas fa-long-arrow-alt-right\"><\/i>\t\t\t<\/span>\n\t\t\t\t\t\t\t\t\t<span class=\"elementor-button-text\">Kontakt<\/span>\n\t\t\t\t\t<\/span>\n\t\t\t\t\t<\/a>\n\t\t\t\t<\/div>\n\t\t\t\t\t\t\t\t<\/div>\n\t\t\t\t<\/div>\n\t\t\t\t\t<\/div>\n\t\t<\/div>\n\t\t\t\t\t<\/div>\n\t\t<\/section>\n\t\t\t\t<\/div>\n\t\t\t\t<\/div>\n\t\t\t\t\t\t<\/div>\n\t\t\t\t<\/div>\n\t\t\t\t\t<\/div>\n\t\t<\/div>\n\t\t\t\t\t<\/div>\n\t\t<\/section>\n\t\t\t\t<\/div>\n\t\t","protected":false},"excerpt":{"rendered":"<p>We can help you there, too Investment Are you Interested in appreciating of your resources? Are products such as savings accounts, building savingst, fixed-term deposits or pension savings account not enough for you? Dis you know that higher appreciation comes with a higher risk of loss and are you willing to accept that? Talk to [&hellip;]<\/p>\n","protected":false},"author":6,"featured_media":0,"parent":0,"menu_order":0,"comment_status":"closed","ping_status":"closed","template":"","meta":{"footnotes":""},"class_list":["post-5255","page","type-page","status-publish","hentry"],"aioseo_notices":[],"_links":{"self":[{"href":"https:\/\/fintalk.cz\/en\/wp-json\/wp\/v2\/pages\/5255","targetHints":{"allow":["GET"]}}],"collection":[{"href":"https:\/\/fintalk.cz\/en\/wp-json\/wp\/v2\/pages"}],"about":[{"href":"https:\/\/fintalk.cz\/en\/wp-json\/wp\/v2\/types\/page"}],"author":[{"embeddable":true,"href":"https:\/\/fintalk.cz\/en\/wp-json\/wp\/v2\/users\/6"}],"replies":[{"embeddable":true,"href":"https:\/\/fintalk.cz\/en\/wp-json\/wp\/v2\/comments?post=5255"}],"version-history":[{"count":4,"href":"https:\/\/fintalk.cz\/en\/wp-json\/wp\/v2\/pages\/5255\/revisions"}],"predecessor-version":[{"id":5351,"href":"https:\/\/fintalk.cz\/en\/wp-json\/wp\/v2\/pages\/5255\/revisions\/5351"}],"wp:attachment":[{"href":"https:\/\/fintalk.cz\/en\/wp-json\/wp\/v2\/media?parent=5255"}],"curies":[{"name":"wp","href":"https:\/\/api.w.org\/{rel}","templated":true}]}}