{"id":5403,"date":"2023-10-13T13:23:41","date_gmt":"2023-10-13T11:23:41","guid":{"rendered":"https:\/\/fintalk.cz\/?page_id=5403"},"modified":"2023-10-13T13:27:05","modified_gmt":"2023-10-13T11:27:05","slug":"pension","status":"publish","type":"page","link":"https:\/\/fintalk.cz\/en\/pension\/","title":{"rendered":"Pension"},"content":{"rendered":"\t\t<div data-elementor-type=\"wp-page\" data-elementor-id=\"5403\" class=\"elementor elementor-5403 elementor-342\" data-elementor-post-type=\"page\">\n\t\t\t\t\t\t<section class=\"elementor-section elementor-top-section elementor-element elementor-element-222e023c elementor-section-height-min-height elementor-section-boxed elementor-section-height-default elementor-section-items-middle\" data-id=\"222e023c\" data-element_type=\"section\" data-e-type=\"section\" data-settings=\"{&quot;background_background&quot;:&quot;classic&quot;}\">\n\t\t\t\t\t\t<div class=\"elementor-container elementor-column-gap-default\">\n\t\t\t\t\t<div class=\"elementor-column elementor-col-100 elementor-top-column elementor-element elementor-element-7686c6eb\" data-id=\"7686c6eb\" data-element_type=\"column\" data-e-type=\"column\">\n\t\t\t<div class=\"elementor-widget-wrap elementor-element-populated\">\n\t\t\t\t\t\t<div class=\"elementor-element elementor-element-5ee637f1 elementor-widget elementor-widget-text-editor\" data-id=\"5ee637f1\" data-element_type=\"widget\" data-e-type=\"widget\" data-widget_type=\"text-editor.default\">\n\t\t\t\t<div class=\"elementor-widget-container\">\n\t\t\t\t\t\t\t\t\t<p class=\"MsoNormal\"><span lang=\"EN-US\">We can help you there, too<\/span><\/p>\t\t\t\t\t\t\t\t<\/div>\n\t\t\t\t<\/div>\n\t\t\t\t<div class=\"elementor-element elementor-element-2de08f15 elementor-widget elementor-widget-heading\" data-id=\"2de08f15\" data-element_type=\"widget\" data-e-type=\"widget\" data-widget_type=\"heading.default\">\n\t\t\t\t<div class=\"elementor-widget-container\">\n\t\t\t\t\t<h1 class=\"elementor-heading-title elementor-size-default\">Pension<\/h1>\t\t\t\t<\/div>\n\t\t\t\t<\/div>\n\t\t\t\t\t<\/div>\n\t\t<\/div>\n\t\t\t\t\t<\/div>\n\t\t<\/section>\n\t\t\t\t<section class=\"elementor-section elementor-inner-section elementor-element elementor-element-20d85e47 elementor-section-boxed elementor-section-height-default elementor-section-height-default\" data-id=\"20d85e47\" data-element_type=\"section\" data-e-type=\"section\">\n\t\t\t\t\t\t<div class=\"elementor-container elementor-column-gap-default\">\n\t\t\t\t\t<div class=\"elementor-column elementor-col-50 elementor-inner-column elementor-element elementor-element-7483569f\" data-id=\"7483569f\" data-element_type=\"column\" data-e-type=\"column\">\n\t\t\t<div class=\"elementor-widget-wrap elementor-element-populated\">\n\t\t\t\t\t\t<div class=\"elementor-element elementor-element-52be18ae elementor-widget elementor-widget-image\" data-id=\"52be18ae\" data-element_type=\"widget\" data-e-type=\"widget\" data-widget_type=\"image.default\">\n\t\t\t\t<div class=\"elementor-widget-container\">\n\t\t\t\t\t\t\t\t\t\t\t\t\t\t\t<img fetchpriority=\"high\" decoding=\"async\" width=\"800\" height=\"534\" src=\"https:\/\/fintalk.cz\/wp-content\/uploads\/2019\/12\/penze-1024x683.jpg\" class=\"attachment-large size-large wp-image-693\" alt=\"\" srcset=\"https:\/\/fintalk.cz\/wp-content\/uploads\/2019\/12\/penze-1024x683.jpg 1024w, https:\/\/fintalk.cz\/wp-content\/uploads\/2019\/12\/penze-300x200.jpg 300w, https:\/\/fintalk.cz\/wp-content\/uploads\/2019\/12\/penze-768x512.jpg 768w, https:\/\/fintalk.cz\/wp-content\/uploads\/2019\/12\/penze-1536x1024.jpg 1536w, https:\/\/fintalk.cz\/wp-content\/uploads\/2019\/12\/penze.jpg 1920w\" sizes=\"(max-width: 800px) 100vw, 800px\" \/>\t\t\t\t\t\t\t\t\t\t\t\t\t\t\t<\/div>\n\t\t\t\t<\/div>\n\t\t\t\t\t<\/div>\n\t\t<\/div>\n\t\t\t\t<div class=\"elementor-column elementor-col-50 elementor-inner-column elementor-element elementor-element-c8f9443\" data-id=\"c8f9443\" data-element_type=\"column\" data-e-type=\"column\">\n\t\t\t<div class=\"elementor-widget-wrap elementor-element-populated\">\n\t\t\t\t\t\t<div class=\"elementor-element elementor-element-28b7fb03 elementor-widget elementor-widget-text-editor\" data-id=\"28b7fb03\" data-element_type=\"widget\" data-e-type=\"widget\" data-widget_type=\"text-editor.default\">\n\t\t\t\t<div class=\"elementor-widget-container\">\n\t\t\t\t\t\t\t\t\t<p>Preparing your finances for old age is one of the most important tasks, so that you can live with the feeling that you won\u2019t be financially dependent on anyone else, even in your old age, and you can continue to enjoy life to the full. Let us help you plan for it all! Saving up for retirement is, of course, part of our Comprehensive Financial Plan. Ask us how best to save up for retirement and the future itself!<\/p><p><strong>Do you know the best way to take advantage of government and employer contributions and reduce your taxes?<\/strong><\/p>\t\t\t\t\t\t\t\t<\/div>\n\t\t\t\t<\/div>\n\t\t\t\t\t<\/div>\n\t\t<\/div>\n\t\t\t\t\t<\/div>\n\t\t<\/section>\n\t\t\t\t<section class=\"elementor-section elementor-top-section elementor-element elementor-element-16b1e376 elementor-section-boxed elementor-section-height-default elementor-section-height-default\" data-id=\"16b1e376\" data-element_type=\"section\" data-e-type=\"section\">\n\t\t\t\t\t\t<div class=\"elementor-container elementor-column-gap-default\">\n\t\t\t\t\t<div class=\"elementor-column elementor-col-100 elementor-top-column elementor-element elementor-element-7c3d1c2c\" data-id=\"7c3d1c2c\" data-element_type=\"column\" data-e-type=\"column\">\n\t\t\t<div class=\"elementor-widget-wrap elementor-element-populated\">\n\t\t\t\t\t\t<section class=\"elementor-section elementor-inner-section elementor-element elementor-element-66c5fc53 elementor-section-boxed elementor-section-height-default elementor-section-height-default\" data-id=\"66c5fc53\" data-element_type=\"section\" data-e-type=\"section\">\n\t\t\t\t\t\t<div class=\"elementor-container elementor-column-gap-default\">\n\t\t\t\t\t<div class=\"elementor-column elementor-col-50 elementor-inner-column elementor-element elementor-element-56bf296d\" data-id=\"56bf296d\" data-element_type=\"column\" data-e-type=\"column\">\n\t\t\t<div class=\"elementor-widget-wrap elementor-element-populated\">\n\t\t\t\t\t\t<div class=\"elementor-element elementor-element-1f93da5f elementor-widget elementor-widget-text-editor\" data-id=\"1f93da5f\" data-element_type=\"widget\" data-e-type=\"widget\" data-widget_type=\"text-editor.default\">\n\t\t\t\t<div class=\"elementor-widget-container\">\n\t\t\t\t\t\t\t\t\t<p>Perhaps everyone has heard of products such as Pension Insurance or Supplementary Pension Savings. The majority of economically active people in our country take advantage of these products are. But do you know exactly how these products work? Do you make optimal use of all their benefits? Does your employer contribute to the pension contracts of its employees? We can help you with all of this. Either as a service for employers, as their partner in financial employee benefits, or individually, as part of a comprehensive service for us, as our clients.<\/p><p><strong>Your employer has yet to contribute to your pension savings? Contact us. We will be happy to introduce them to all the benefits they can gain by implementing this benefit.<\/strong><\/p>\t\t\t\t\t\t\t\t<\/div>\n\t\t\t\t<\/div>\n\t\t\t\t\t<\/div>\n\t\t<\/div>\n\t\t\t\t<div class=\"elementor-column elementor-col-50 elementor-inner-column elementor-element elementor-element-2c73bcf7\" data-id=\"2c73bcf7\" data-element_type=\"column\" data-e-type=\"column\">\n\t\t\t<div class=\"elementor-widget-wrap elementor-element-populated\">\n\t\t\t\t\t\t<div class=\"elementor-element elementor-element-3e00bc91 elementor-widget elementor-widget-image\" data-id=\"3e00bc91\" data-element_type=\"widget\" data-e-type=\"widget\" data-widget_type=\"image.default\">\n\t\t\t\t<div class=\"elementor-widget-container\">\n\t\t\t\t\t\t\t\t\t\t\t\t\t\t\t<img decoding=\"async\" width=\"800\" height=\"534\" src=\"https:\/\/fintalk.cz\/wp-content\/uploads\/2019\/12\/pojis\u030cte\u030cni\u0301-1024x683.jpg\" class=\"attachment-large size-large wp-image-698\" alt=\"\" srcset=\"https:\/\/fintalk.cz\/wp-content\/uploads\/2019\/12\/pojis\u030cte\u030cni\u0301-1024x683.jpg 1024w, https:\/\/fintalk.cz\/wp-content\/uploads\/2019\/12\/pojis\u030cte\u030cni\u0301-300x200.jpg 300w, https:\/\/fintalk.cz\/wp-content\/uploads\/2019\/12\/pojis\u030cte\u030cni\u0301-768x512.jpg 768w, https:\/\/fintalk.cz\/wp-content\/uploads\/2019\/12\/pojis\u030cte\u030cni\u0301-1536x1024.jpg 1536w, https:\/\/fintalk.cz\/wp-content\/uploads\/2019\/12\/pojis\u030cte\u030cni\u0301.jpg 1920w\" sizes=\"(max-width: 800px) 100vw, 800px\" \/>\t\t\t\t\t\t\t\t\t\t\t\t\t\t\t<\/div>\n\t\t\t\t<\/div>\n\t\t\t\t\t<\/div>\n\t\t<\/div>\n\t\t\t\t\t<\/div>\n\t\t<\/section>\n\t\t\t\t\t<\/div>\n\t\t<\/div>\n\t\t\t\t\t<\/div>\n\t\t<\/section>\n\t\t\t\t<section class=\"elementor-section elementor-top-section elementor-element elementor-element-1043394e elementor-section-boxed elementor-section-height-default elementor-section-height-default\" data-id=\"1043394e\" data-element_type=\"section\" data-e-type=\"section\" data-settings=\"{&quot;background_background&quot;:&quot;classic&quot;}\">\n\t\t\t\t\t\t<div class=\"elementor-container elementor-column-gap-default\">\n\t\t\t\t\t<div class=\"elementor-column elementor-col-100 elementor-top-column elementor-element elementor-element-d3838c3\" data-id=\"d3838c3\" data-element_type=\"column\" data-e-type=\"column\">\n\t\t\t<div class=\"elementor-widget-wrap elementor-element-populated\">\n\t\t\t\t\t\t<div class=\"elementor-element elementor-element-1512ff49 elementor-widget elementor-widget-template\" data-id=\"1512ff49\" data-element_type=\"widget\" data-e-type=\"widget\" data-widget_type=\"template.default\">\n\t\t\t\t<div class=\"elementor-widget-container\">\n\t\t\t\t\t\t\t<div class=\"elementor-template\">\n\t\t\t\t\t<div data-elementor-type=\"section\" data-elementor-id=\"282\" class=\"elementor elementor-282\" data-elementor-post-type=\"elementor_library\">\n\t\t\t\t\t<section class=\"elementor-section elementor-top-section elementor-element elementor-element-5558a1f elementor-section-boxed elementor-section-height-default elementor-section-height-default\" data-id=\"5558a1f\" data-element_type=\"section\" data-e-type=\"section\" data-settings=\"{&quot;background_background&quot;:&quot;classic&quot;}\">\n\t\t\t\t\t\t<div class=\"elementor-container elementor-column-gap-default\">\n\t\t\t\t\t<div class=\"elementor-column elementor-col-100 elementor-top-column elementor-element elementor-element-ac264fd\" data-id=\"ac264fd\" data-element_type=\"column\" data-e-type=\"column\" data-settings=\"{&quot;background_background&quot;:&quot;classic&quot;}\">\n\t\t\t<div class=\"elementor-widget-wrap elementor-element-populated\">\n\t\t\t\t\t\t<div class=\"elementor-element elementor-element-7ba26b0 elementor-widget elementor-widget-heading\" data-id=\"7ba26b0\" data-element_type=\"widget\" data-e-type=\"widget\" data-widget_type=\"heading.default\">\n\t\t\t\t<div class=\"elementor-widget-container\">\n\t\t\t\t\t<h2 class=\"elementor-heading-title elementor-size-default\">Pot\u0159ebujete pomoci?<\/h2>\t\t\t\t<\/div>\n\t\t\t\t<\/div>\n\t\t\t\t<div class=\"elementor-element elementor-element-e417006 elementor-widget elementor-widget-text-editor\" data-id=\"e417006\" data-element_type=\"widget\" data-e-type=\"widget\" data-widget_type=\"text-editor.default\">\n\t\t\t\t<div class=\"elementor-widget-container\">\n\t\t\t\t\t\t\t\t\t<p>Nev\u00e1hejte se na n\u00e1s obr\u00e1tit s dotazem \u010di prosbou o nez\u00e1vaznou konzultaci.<\/p>\t\t\t\t\t\t\t\t<\/div>\n\t\t\t\t<\/div>\n\t\t\t\t<div class=\"elementor-element elementor-element-97a6521 elementor-align-center elementor-widget elementor-widget-button\" data-id=\"97a6521\" data-element_type=\"widget\" data-e-type=\"widget\" data-widget_type=\"button.default\">\n\t\t\t\t<div class=\"elementor-widget-container\">\n\t\t\t\t\t\t\t\t\t<div class=\"elementor-button-wrapper\">\n\t\t\t\t\t<a class=\"elementor-button elementor-button-link elementor-size-md\" href=\"\/kontakt\/\">\n\t\t\t\t\t\t<span class=\"elementor-button-content-wrapper\">\n\t\t\t\t\t\t<span class=\"elementor-button-icon\">\n\t\t\t\t<i aria-hidden=\"true\" class=\"fas fa-long-arrow-alt-right\"><\/i>\t\t\t<\/span>\n\t\t\t\t\t\t\t\t\t<span class=\"elementor-button-text\">Kontakt<\/span>\n\t\t\t\t\t<\/span>\n\t\t\t\t\t<\/a>\n\t\t\t\t<\/div>\n\t\t\t\t\t\t\t\t<\/div>\n\t\t\t\t<\/div>\n\t\t\t\t\t<\/div>\n\t\t<\/div>\n\t\t\t\t\t<\/div>\n\t\t<\/section>\n\t\t\t\t<\/div>\n\t\t\t\t<\/div>\n\t\t\t\t\t\t<\/div>\n\t\t\t\t<\/div>\n\t\t\t\t\t<\/div>\n\t\t<\/div>\n\t\t\t\t\t<\/div>\n\t\t<\/section>\n\t\t\t\t<\/div>\n\t\t","protected":false},"excerpt":{"rendered":"<p>We can help you there, too Pension Preparing your finances for old age is one of the most important tasks, so that you can live with the feeling that you won\u2019t be financially dependent on anyone else, even in your old age, and you can continue to enjoy life to the full. Let us help [&hellip;]<\/p>\n","protected":false},"author":6,"featured_media":0,"parent":0,"menu_order":0,"comment_status":"closed","ping_status":"closed","template":"","meta":{"footnotes":""},"class_list":["post-5403","page","type-page","status-publish","hentry"],"aioseo_notices":[],"_links":{"self":[{"href":"https:\/\/fintalk.cz\/en\/wp-json\/wp\/v2\/pages\/5403","targetHints":{"allow":["GET"]}}],"collection":[{"href":"https:\/\/fintalk.cz\/en\/wp-json\/wp\/v2\/pages"}],"about":[{"href":"https:\/\/fintalk.cz\/en\/wp-json\/wp\/v2\/types\/page"}],"author":[{"embeddable":true,"href":"https:\/\/fintalk.cz\/en\/wp-json\/wp\/v2\/users\/6"}],"replies":[{"embeddable":true,"href":"https:\/\/fintalk.cz\/en\/wp-json\/wp\/v2\/comments?post=5403"}],"version-history":[{"count":3,"href":"https:\/\/fintalk.cz\/en\/wp-json\/wp\/v2\/pages\/5403\/revisions"}],"predecessor-version":[{"id":5406,"href":"https:\/\/fintalk.cz\/en\/wp-json\/wp\/v2\/pages\/5403\/revisions\/5406"}],"wp:attachment":[{"href":"https:\/\/fintalk.cz\/en\/wp-json\/wp\/v2\/media?parent=5403"}],"curies":[{"name":"wp","href":"https:\/\/api.w.org\/{rel}","templated":true}]}}