{"id":5446,"date":"2023-10-16T13:46:19","date_gmt":"2023-10-16T11:46:19","guid":{"rendered":"https:\/\/fintalk.cz\/?page_id=5446"},"modified":"2023-10-16T14:07:40","modified_gmt":"2023-10-16T12:07:40","slug":"employee-benefits-ru","status":"publish","type":"page","link":"https:\/\/fintalk.cz\/ru\/employee-benefits-ru\/","title":{"rendered":"\u041a\u043e\u0440\u043f\u043e\u0440\u0430\u0442\u0438\u0432\u043d\u044b\u0435 \u0431\u043e\u043d\u0443\u0441\u044b"},"content":{"rendered":"\t\t<div data-elementor-type=\"wp-page\" data-elementor-id=\"5446\" class=\"elementor elementor-5446 elementor-354\" data-elementor-post-type=\"page\">\n\t\t\t\t\t\t<section class=\"elementor-section elementor-top-section elementor-element elementor-element-4dd809d8 elementor-section-height-min-height elementor-section-boxed elementor-section-height-default elementor-section-items-middle\" data-id=\"4dd809d8\" data-element_type=\"section\" data-e-type=\"section\" data-settings=\"{&quot;background_background&quot;:&quot;classic&quot;}\">\n\t\t\t\t\t\t<div class=\"elementor-container elementor-column-gap-default\">\n\t\t\t\t\t<div class=\"elementor-column elementor-col-100 elementor-top-column elementor-element elementor-element-5d1efffd\" data-id=\"5d1efffd\" data-element_type=\"column\" data-e-type=\"column\">\n\t\t\t<div class=\"elementor-widget-wrap elementor-element-populated\">\n\t\t\t\t\t\t<div class=\"elementor-element elementor-element-4c658d88 elementor-widget elementor-widget-text-editor\" data-id=\"4c658d88\" data-element_type=\"widget\" data-e-type=\"widget\" data-widget_type=\"text-editor.default\">\n\t\t\t\t<div class=\"elementor-widget-container\">\n\t\t\t\t\t\t\t\t\t<p>\u041c\u044b \u043c\u043e\u0436\u0435\u043c \u043f\u043e\u043c\u043e\u0447\u044c \u0438 \u0432\u0430\u043c<\/p>\t\t\t\t\t\t\t\t<\/div>\n\t\t\t\t<\/div>\n\t\t\t\t<div class=\"elementor-element elementor-element-3a21f68a elementor-widget elementor-widget-heading\" data-id=\"3a21f68a\" data-element_type=\"widget\" data-e-type=\"widget\" data-widget_type=\"heading.default\">\n\t\t\t\t<div class=\"elementor-widget-container\">\n\t\t\t\t\t<h1 class=\"elementor-heading-title elementor-size-default\">\u041a\u043e\u0440\u043f\u043e\u0440\u0430\u0442\u0438\u0432\u043d\u044b\u0435 \u0431\u043e\u043d\u0443\u0441\u044b<\/h1>\t\t\t\t<\/div>\n\t\t\t\t<\/div>\n\t\t\t\t\t<\/div>\n\t\t<\/div>\n\t\t\t\t\t<\/div>\n\t\t<\/section>\n\t\t\t\t<section class=\"elementor-section elementor-inner-section elementor-element elementor-element-3185160c elementor-section-boxed elementor-section-height-default elementor-section-height-default\" data-id=\"3185160c\" data-element_type=\"section\" data-e-type=\"section\">\n\t\t\t\t\t\t<div class=\"elementor-container elementor-column-gap-default\">\n\t\t\t\t\t<div class=\"elementor-column elementor-col-50 elementor-inner-column elementor-element elementor-element-2dbd9256\" data-id=\"2dbd9256\" data-element_type=\"column\" data-e-type=\"column\">\n\t\t\t<div class=\"elementor-widget-wrap elementor-element-populated\">\n\t\t\t\t\t\t<div class=\"elementor-element elementor-element-39cf86a8 elementor-widget elementor-widget-image\" data-id=\"39cf86a8\" data-element_type=\"widget\" data-e-type=\"widget\" data-widget_type=\"image.default\">\n\t\t\t\t<div class=\"elementor-widget-container\">\n\t\t\t\t\t\t\t\t\t\t\t\t\t\t\t<img fetchpriority=\"high\" decoding=\"async\" width=\"800\" height=\"950\" src=\"https:\/\/fintalk.cz\/wp-content\/uploads\/2019\/12\/benefity-1-862x1024.jpg\" class=\"attachment-large size-large wp-image-5415\" alt=\"\" srcset=\"https:\/\/fintalk.cz\/wp-content\/uploads\/2019\/12\/benefity-1-862x1024.jpg 862w, https:\/\/fintalk.cz\/wp-content\/uploads\/2019\/12\/benefity-1-252x300.jpg 252w, https:\/\/fintalk.cz\/wp-content\/uploads\/2019\/12\/benefity-1-768x913.jpg 768w, https:\/\/fintalk.cz\/wp-content\/uploads\/2019\/12\/benefity-1.jpg 1280w\" sizes=\"(max-width: 800px) 100vw, 800px\" \/>\t\t\t\t\t\t\t\t\t\t\t\t\t\t\t<\/div>\n\t\t\t\t<\/div>\n\t\t\t\t\t<\/div>\n\t\t<\/div>\n\t\t\t\t<div class=\"elementor-column elementor-col-50 elementor-inner-column elementor-element elementor-element-65f186f2\" data-id=\"65f186f2\" data-element_type=\"column\" data-e-type=\"column\">\n\t\t\t<div class=\"elementor-widget-wrap elementor-element-populated\">\n\t\t\t\t\t\t<div class=\"elementor-element elementor-element-765fdbdd elementor-widget elementor-widget-text-editor\" data-id=\"765fdbdd\" data-element_type=\"widget\" data-e-type=\"widget\" data-widget_type=\"text-editor.default\">\n\t\t\t\t<div class=\"elementor-widget-container\">\n\t\t\t\t\t\t\t\t\t<p>\u0412\u044b \u044f\u0432\u043b\u044f\u0435\u0442\u0435\u0441\u044c \u0432\u043b\u0430\u0434\u0435\u043b\u044c\u0446\u0435\u043c \u0444\u0438\u0440\u043c\u044b? \u0412\u044b \u0437\u0430\u0434\u0443\u043c\u044b\u0432\u0430\u0435\u0442\u0435\u0441\u044c \u043e \u0442\u043e\u043c, \u043a\u0430\u043a\u0438\u0435 \u0444\u0438\u043d\u0430\u043d\u0441\u043e\u0432\u044b\u0435 \u0431\u043e\u043d\u0443\u0441\u044b \u043f\u0440\u0435\u0434\u043b\u043e\u0436\u0438\u0442\u044c \u0441\u0432\u043e\u0438\u043c \u0441\u043e\u0442\u0440\u0443\u0434\u043d\u0438\u043a\u0430\u043c? \u0418\u043b\u0438 \u0412\u044b \u0441\u043e\u043c\u043d\u0435\u0432\u0430\u0435\u0442\u0435\u0441\u044c, \u043f\u0440\u0430\u0432\u0438\u043b\u044c\u043d\u043e \u043b\u0438 \u0412\u044b \u0432\u044b\u0441\u0442\u0440\u043e\u0438\u043b\u0438 \u0441\u0432\u043e\u044e \u043f\u0440\u043e\u0433\u0440\u0430\u043c\u043c\u0443 \u0431\u043e\u043d\u0443\u0441\u043e\u0432? \u0421\u0432\u044f\u0436\u0438\u0442\u0435\u0441\u044c \u0441 \u043d\u0430\u043c\u0438 \u0434\u043b\u044f \u043f\u043e\u043b\u0443\u0447\u0435\u043d\u0438\u044f \u043a\u043e\u043d\u0441\u0443\u043b\u044c\u0442\u0430\u0446\u0438\u0438! \u041c\u044b \u043f\u0440\u043e\u0432\u0435\u0434\u0435\u043c \u0430\u0443\u0434\u0438\u0442 \u0412\u0430\u0448\u0435\u0433\u043e \u0443\u0436\u0435 \u0441\u0443\u0449\u0435\u0441\u0442\u0432\u0443\u044e\u0449\u0435\u0433\u043e \u043f\u043b\u0430\u043d\u0430 \u0431\u043e\u043d\u0443\u0441\u043e\u0432, \u0441\u0440\u0430\u0432\u043d\u0438\u043c \u0435\u0433\u043e \u0441 \u0440\u044b\u043d\u043e\u0447\u043d\u043e\u0439 \u043f\u0440\u0430\u043a\u0442\u0438\u043a\u043e\u0439, \u043f\u043e\u0434\u0433\u043e\u0442\u043e\u0432\u0438\u043c \u043f\u0440\u0435\u0434\u043b\u043e\u0436\u0435\u043d\u0438\u044f \u043f\u043e \u0432\u043d\u0435\u0441\u0435\u043d\u0438\u044e \u0438\u0437\u043c\u0435\u043d\u0435\u043d\u0438\u0439, \u0432\u043a\u043b\u044e\u0447\u0430\u044f \u043a\u043e\u043b\u0438\u0447\u0435\u0441\u0442\u0432\u0435\u043d\u043d\u0443\u044e \u043e\u0446\u0435\u043d\u043a\u0443 \u0437\u0430\u0442\u0440\u0430\u0442 \u0438 \u044d\u043a\u043e\u043d\u043e\u043c\u0438\u0438 \u0441\u0440\u0435\u0434\u0441\u0442\u0432, \u0438\u043b\u0438 \u043f\u0440\u0435\u0434\u043b\u043e\u0436\u0438\u043c \u0441\u043e\u0432\u0435\u0440\u0448\u0435\u043d\u043d\u043e \u043d\u043e\u0432\u0443\u044e \u0441\u0445\u0435\u043c\u0443 \u043f\u043b\u0430\u043d\u0430 \u0434\u043b\u044f \u0412\u0430\u0448\u0435\u0439 \u043a\u043e\u043c\u043f\u0430\u043d\u0438\u0438. \u0412\u044b \u043d\u0435 \u043d\u0430\u0441\u0442\u043e\u043b\u044c\u043a\u043e \u043c\u0430\u043b\u044b, \u0447\u0442\u043e\u0431\u044b \u044d\u0442\u043e \u043d\u0435 \u0431\u044b\u043b\u043e \u0434\u043b\u044f \u0412\u0430\u0441 \u0432\u044b\u0433\u043e\u0434\u043d\u043e, \u0438 \u043d\u0435 \u043d\u0430\u0441\u0442\u043e\u043b\u044c\u043a\u043e \u0432\u0435\u043b\u0438\u043a\u0438, \u0447\u0442\u043e\u0431\u044b \u043d\u0435 \u0437\u0430\u0431\u043e\u0442\u0438\u0442\u044c\u0441\u044f \u043e \u0431\u043e\u043d\u0443\u0441\u0430\u0445 \u0434\u043b\u044f \u0441\u0432\u043e\u0438\u0445 \u0441\u043e\u0442\u0440\u0443\u0434\u043d\u0438\u043a\u043e\u0432! \u0421\u0432\u044f\u0436\u0438\u0442\u0435\u0441\u044c \u0441 \u043d\u0430\u043c\u0438 \u0434\u043b\u044f \u043e\u0441\u0443\u0449\u0435\u0441\u0442\u0432\u043b\u0435\u043d\u0438\u044f \u0431\u0435\u0441\u043f\u043b\u0430\u0442\u043d\u043e\u0439 \u043a\u043e\u043d\u0441\u0443\u043b\u044c\u0442\u0430\u0446\u0438\u0438!<\/p>\t\t\t\t\t\t\t\t<\/div>\n\t\t\t\t<\/div>\n\t\t\t\t<div class=\"elementor-element elementor-element-1bccc0d elementor-widget elementor-widget-heading\" data-id=\"1bccc0d\" data-element_type=\"widget\" data-e-type=\"widget\" data-widget_type=\"heading.default\">\n\t\t\t\t<div class=\"elementor-widget-container\">\n\t\t\t\t\t<h3 class=\"elementor-heading-title elementor-size-default\">\u041e\u0431\u044a\u0435\u043c \u0443\u0441\u043b\u0443\u0433<\/h3>\t\t\t\t<\/div>\n\t\t\t\t<\/div>\n\t\t\t\t<div class=\"elementor-element elementor-element-970a463 elementor-widget elementor-widget-text-editor\" data-id=\"970a463\" data-element_type=\"widget\" data-e-type=\"widget\" data-widget_type=\"text-editor.default\">\n\t\t\t\t<div class=\"elementor-widget-container\">\n\t\t\t\t\t\t\t\t\t<ul><li>\u0420\u0430\u0437\u0440\u0430\u0431\u043e\u0442\u043a\u0430 \u043f\u043b\u0430\u043d\u0430 \u0431\u043e\u043d\u0443\u0441\u043e\u0432 &#8212; \u043f\u0440\u0435\u0434\u043b\u043e\u0436\u0435\u043d\u0438\u0435 \u0441\u0442\u0440\u0443\u043a\u0442\u0443\u0440\u044b \u0438 \u043f\u0440\u0430\u0432\u0438\u043b \u043f\u043b\u0430\u043d\u0430 \u0431\u043e\u043d\u0443\u0441\u043e\u0432 \u043d\u0430 \u043e\u0441\u043d\u043e\u0432\u0435 \u0442\u0440\u0435\u0431\u043e\u0432\u0430\u043d\u0438\u0439 \u043a\u043b\u0438\u0435\u043d\u0442\u0430, \u0440\u044b\u043d\u043e\u0447\u043d\u043e\u0439 \u043f\u0440\u0430\u043a\u0442\u0438\u043a\u0438, \u043e\u0442\u0440\u0430\u0441\u043b\u0435\u0432\u043e\u0433\u043e \u043e\u043f\u044b\u0442\u0430 \u0438\u043b\u0438 \u043e\u043f\u044b\u0442\u0430 \u043a\u043e\u043d\u043a\u0443\u0440\u0435\u043d\u0442\u043e\u0432 \u043d\u0430 \u0440\u044b\u043d\u043a\u0435 \u0442\u0440\u0443\u0434\u0430<\/li><li>\u0412\u044b\u0431\u043e\u0440 \u043f\u043e\u0441\u0442\u0430\u0432\u0449\u0438\u043a\u0430 \u043f\u043b\u0430\u043d\u0430 \u0431\u043e\u043d\u0443\u0441\u043e\u0432 \u043f\u043e \u0437\u0430\u0434\u0430\u043d\u043d\u044b\u043c \u043f\u0430\u0440\u0430\u043c\u0435\u0442\u0440\u0430\u043c<\/li><li>\u041a\u043e\u043c\u043c\u0443\u043d\u0438\u043a\u0430\u0446\u0438\u044f \u0441 \u0440\u0430\u0431\u043e\u0442\u043d\u0438\u043a\u0430\u043c\u0438 \u043a\u043e\u043c\u043f\u0430\u043d\u0438\u0438<\/li><li>\u0420\u0435\u0430\u043b\u0438\u0437\u0430\u0446\u0438\u044f \u043f\u043b\u0430\u043d\u0430 \u0431\u043e\u043d\u0443\u0441\u043e\u0432, \u0432\u043a\u043b\u044e\u0447\u0430\u044f \u043e\u0431\u0435\u0441\u043f\u0435\u0447\u0435\u043d\u0438\u0435 \u0432\u0441\u0442\u0443\u043f\u043b\u0435\u043d\u0438\u044f \u0440\u0430\u0431\u043e\u0442\u043d\u0438\u043a\u043e\u0432 \u0432 \u043f\u043b\u0430\u043d \u0431\u043e\u043d\u0443\u0441\u043e\u0432 (\u0437\u0430\u043a\u043b\u044e\u0447\u0435\u043d\u0438\u0435 \u043e\u0431\u0449\u0435\u0433\u043e \u0434\u043e\u0433\u043e\u0432\u043e\u0440\u0430 \u0438 \u0434\u043e\u0433\u043e\u0432\u043e\u0440\u043d\u043e\u0439 \u0434\u043e\u043a\u0443\u043c\u0435\u043d\u0442\u0430\u0446\u0438\u0438 \u0441 \u0440\u0430\u0431\u043e\u0442\u043d\u0438\u043a\u0430\u043c\u0438, \u043f\u0435\u0440\u0435\u0433\u043e\u0432\u043e\u0440\u044b \u0441 \u043f\u043e\u0441\u0442\u0430\u0432\u0449\u0438\u043a\u0430\u043c\u0438 \u043f\u0440\u043e\u0434\u0443\u043a\u0442\u043e\u0432)<\/li><li>\u0410\u0434\u043c\u0438\u043d\u0438\u0441\u0442\u0440\u0438\u0440\u043e\u0432\u0430\u043d\u0438\u0435 \u043f\u0440\u043e\u0433\u0440\u0430\u043c\u043c\u044b \u0431\u043e\u043d\u0443\u0441\u043e\u0432, \u0432\u043a\u043b\u044e\u0447\u0430\u044f \u0438\u043d\u0434\u0438\u0432\u0438\u0434\u0443\u0430\u043b\u044c\u043d\u044b\u0435 \u043a\u043e\u043d\u0441\u0443\u043b\u044c\u0442\u0430\u0446\u0438\u0438 \u0434\u043b\u044f \u0440\u0430\u0431\u043e\u0442\u043d\u0438\u043a\u043e\u0432<\/li><\/ul>\t\t\t\t\t\t\t\t<\/div>\n\t\t\t\t<\/div>\n\t\t\t\t\t<\/div>\n\t\t<\/div>\n\t\t\t\t\t<\/div>\n\t\t<\/section>\n\t\t\t\t<section class=\"elementor-section elementor-top-section elementor-element elementor-element-1e49fe9b elementor-section-boxed elementor-section-height-default elementor-section-height-default\" data-id=\"1e49fe9b\" data-element_type=\"section\" data-e-type=\"section\">\n\t\t\t\t\t\t<div class=\"elementor-container elementor-column-gap-default\">\n\t\t\t\t\t<div class=\"elementor-column elementor-col-100 elementor-top-column elementor-element elementor-element-33214d25\" data-id=\"33214d25\" data-element_type=\"column\" data-e-type=\"column\">\n\t\t\t<div class=\"elementor-widget-wrap elementor-element-populated\">\n\t\t\t\t\t\t<section class=\"elementor-section elementor-inner-section elementor-element elementor-element-7be4a569 elementor-section-boxed elementor-section-height-default elementor-section-height-default\" data-id=\"7be4a569\" data-element_type=\"section\" data-e-type=\"section\">\n\t\t\t\t\t\t<div class=\"elementor-container elementor-column-gap-default\">\n\t\t\t\t\t<div class=\"elementor-column elementor-col-50 elementor-inner-column elementor-element elementor-element-1632ef8f\" data-id=\"1632ef8f\" data-element_type=\"column\" data-e-type=\"column\">\n\t\t\t<div class=\"elementor-widget-wrap elementor-element-populated\">\n\t\t\t\t\t\t<div class=\"elementor-element elementor-element-34fcb2bd elementor-widget elementor-widget-heading\" data-id=\"34fcb2bd\" data-element_type=\"widget\" data-e-type=\"widget\" data-widget_type=\"heading.default\">\n\t\t\t\t<div class=\"elementor-widget-container\">\n\t\t\t\t\t<h3 class=\"elementor-heading-title elementor-size-default\">\u041a\u043e\u043d\u0441\u0443\u043b\u044c\u0442\u0438\u0440\u043e\u0432\u0430\u043d\u0438\u0435 \u043f\u043e \u0432\u043e\u043f\u0440\u043e\u0441\u0430\u043c \u0431\u043e\u043d\u0443\u0441\u043e\u0432 \u0432 \u0427\u0435\u0448\u0441\u043a\u043e\u0439 \u0420\u0435\u0441\u043f\u0443\u0431\u043b\u0438\u043a\u0435<\/h3>\t\t\t\t<\/div>\n\t\t\t\t<\/div>\n\t\t\t\t<div class=\"elementor-element elementor-element-785f3538 elementor-widget elementor-widget-text-editor\" data-id=\"785f3538\" data-element_type=\"widget\" data-e-type=\"widget\" data-widget_type=\"text-editor.default\">\n\t\t\t\t<div class=\"elementor-widget-container\">\n\t\t\t\t\t\t\t\t\t<ul><li>\u041f\u043e\u0441\u0440\u0435\u0434\u043d\u0438\u0447\u0435\u0441\u043a\u0438\u0435 \u0443\u0441\u043b\u0443\u0433\u0438 \u043d\u0430\u043f\u0440\u0430\u0432\u043b\u0435\u043d\u044b \u043d\u0430 \u043f\u0435\u043d\u0441\u0438\u043e\u043d\u043d\u044b\u0435 \u043f\u043b\u0430\u043d\u044b, \u0441\u0442\u0440\u0430\u0445\u043e\u0432\u0430\u043d\u0438\u0435 \u0436\u0438\u0437\u043d\u0438 (\u0438\u043d\u0434\u0438\u0432\u0438\u0434\u0443\u0430\u043b\u044c\u043d\u043e\u0435 \u0441\u043e \u0432\u043a\u043b\u0430\u0434\u0430\u043c\u0438 \u0440\u0430\u0431\u043e\u0442\u043e\u0434\u0430\u0442\u0435\u043b\u044f\/\u0433\u0440\u0443\u043f\u043f\u043e\u0432\u044b\u0435 \u043f\u0440\u043e\u0434\u0443\u043a\u0442\u044b), \u0434\u0440\u0443\u0433\u0438\u0435 \u0441\u0442\u0440\u0430\u0445\u043e\u0432\u044b\u0435 \u043f\u0440\u043e\u0434\u0443\u043a\u0442\u044b, \u0447\u0430\u0441\u0442\u043d\u043e\u0435 \u043c\u0435\u0434\u0438\u0446\u0438\u043d\u0441\u043a\u043e\u0435 \u043e\u0431\u0441\u043b\u0443\u0436\u0438\u0432\u0430\u043d\u0438\u0435<\/li><li>\u0422\u0440\u0435\u043d\u0434\u044b \u0440\u044b\u043d\u043a\u0430, \u0437\u0430\u043a\u043e\u043d\u043e\u0434\u0430\u0442\u0435\u043b\u044c\u0441\u0442\u0432\u043e (\u043f\u0435\u043d\u0441\u0438\u043e\u043d\u043d\u0430\u044f \u0440\u0435\u0444\u043e\u0440\u043c\u0430, &#8230;)<\/li><\/ul>\t\t\t\t\t\t\t\t<\/div>\n\t\t\t\t<\/div>\n\t\t\t\t<div class=\"elementor-element elementor-element-0f016d6 elementor-widget elementor-widget-heading\" data-id=\"0f016d6\" data-element_type=\"widget\" data-e-type=\"widget\" data-widget_type=\"heading.default\">\n\t\t\t\t<div class=\"elementor-widget-container\">\n\t\t\t\t\t<h3 class=\"elementor-heading-title elementor-size-default\"><p><span lang=\"RU\">\u0426\u0435\u043b\u0438 \u043f\u0440\u043e\u0435\u043a\u0442\u043e\u0432\n\u0431\u043e\u043d\u0443\u0441\u043e\u0432<\/span><\/p><\/h3>\t\t\t\t<\/div>\n\t\t\t\t<\/div>\n\t\t\t\t<div class=\"elementor-element elementor-element-36daadf elementor-widget elementor-widget-text-editor\" data-id=\"36daadf\" data-element_type=\"widget\" data-e-type=\"widget\" data-widget_type=\"text-editor.default\">\n\t\t\t\t<div class=\"elementor-widget-container\">\n\t\t\t\t\t\t\t\t\t<ul><li>\u0421\u043e\u0437\u0434\u0430\u043d\u0438\u0435 \u043f\u043b\u0430\u043d\u0430 \u0431\u043e\u043d\u0443\u0441\u043e\u0432, \u043a\u043e\u043d\u043a\u0443\u0440\u0435\u043d\u0442\u043e\u0441\u043f\u043e\u0441\u043e\u0431\u043d\u043e\u0433\u043e \u043d\u0430 \u0440\u044b\u043d\u043a\u0435 \u0442\u0440\u0443\u0434\u0430<\/li><li>\u042d\u043a\u043e\u043d\u043e\u043c\u0438\u0447\u0435\u0441\u043a\u0430\u044f \u044d\u0444\u0444\u0435\u043a\u0442\u0438\u0432\u043d\u043e\u0441\u0442\u044c \u0440\u0430\u0441\u0445\u043e\u0434\u043e\u0432 (\u0443\u0441\u043b\u043e\u0432\u0438\u044f \u043f\u0440\u0435\u0434\u043e\u0441\u0442\u0430\u0432\u043b\u0435\u043d\u0438\u044f \u0431\u043e\u043d\u0443\u0441\u043e\u0432, \u043d\u0430\u043b\u043e\u0433\u043e\u0432\u044b\u0435 \u0430\u0441\u043f\u0435\u043a\u0442\u044b, &#8230;)<\/li><li>\u0411\u043e\u043d\u0443\u0441\u044b, \u0446\u0435\u043d\u0438\u043c\u044b\u0435 \u0440\u0430\u0431\u043e\u0442\u043d\u0438\u043a\u0430\u043c\u0438<\/li><li>\u0414\u043e\u0441\u0442\u0438\u0436\u0435\u043d\u0438\u0435 \u044d\u043a\u043e\u043d\u043e\u043c\u0438\u0438 \u0441\u0440\u0435\u0434\u0441\u0442\u0432 \u0434\u043b\u044f \u0440\u0430\u0431\u043e\u0442\u043e\u0434\u0430\u0442\u0435\u043b\u0435\u0439<\/li><\/ul>\t\t\t\t\t\t\t\t<\/div>\n\t\t\t\t<\/div>\n\t\t\t\t\t<\/div>\n\t\t<\/div>\n\t\t\t\t<div class=\"elementor-column elementor-col-50 elementor-inner-column elementor-element elementor-element-6b70af4c\" data-id=\"6b70af4c\" data-element_type=\"column\" data-e-type=\"column\">\n\t\t\t<div class=\"elementor-widget-wrap elementor-element-populated\">\n\t\t\t\t\t\t<div class=\"elementor-element elementor-element-1b7bbd8b elementor-widget elementor-widget-image\" data-id=\"1b7bbd8b\" data-element_type=\"widget\" data-e-type=\"widget\" data-widget_type=\"image.default\">\n\t\t\t\t<div class=\"elementor-widget-container\">\n\t\t\t\t\t\t\t\t\t\t\t\t\t\t\t<img decoding=\"async\" width=\"800\" height=\"534\" src=\"https:\/\/fintalk.cz\/wp-content\/uploads\/2019\/12\/benefity-2-1024x683.jpg\" class=\"attachment-large size-large wp-image-5363\" alt=\"\" srcset=\"https:\/\/fintalk.cz\/wp-content\/uploads\/2019\/12\/benefity-2-1024x683.jpg 1024w, https:\/\/fintalk.cz\/wp-content\/uploads\/2019\/12\/benefity-2-300x200.jpg 300w, https:\/\/fintalk.cz\/wp-content\/uploads\/2019\/12\/benefity-2-768x512.jpg 768w, https:\/\/fintalk.cz\/wp-content\/uploads\/2019\/12\/benefity-2-1536x1024.jpg 1536w, https:\/\/fintalk.cz\/wp-content\/uploads\/2019\/12\/benefity-2.jpg 1920w\" sizes=\"(max-width: 800px) 100vw, 800px\" \/>\t\t\t\t\t\t\t\t\t\t\t\t\t\t\t<\/div>\n\t\t\t\t<\/div>\n\t\t\t\t\t<\/div>\n\t\t<\/div>\n\t\t\t\t\t<\/div>\n\t\t<\/section>\n\t\t\t\t\t<\/div>\n\t\t<\/div>\n\t\t\t\t\t<\/div>\n\t\t<\/section>\n\t\t\t\t<section class=\"elementor-section elementor-top-section elementor-element elementor-element-5ab9f83 elementor-section-boxed elementor-section-height-default elementor-section-height-default\" data-id=\"5ab9f83\" data-element_type=\"section\" data-e-type=\"section\" data-settings=\"{&quot;background_background&quot;:&quot;classic&quot;}\">\n\t\t\t\t\t\t<div class=\"elementor-container elementor-column-gap-default\">\n\t\t\t\t\t<div class=\"elementor-column elementor-col-100 elementor-top-column elementor-element elementor-element-200ab357\" data-id=\"200ab357\" data-element_type=\"column\" data-e-type=\"column\">\n\t\t\t<div class=\"elementor-widget-wrap elementor-element-populated\">\n\t\t\t\t\t\t<div class=\"elementor-element elementor-element-69e4d4f6 elementor-widget elementor-widget-template\" data-id=\"69e4d4f6\" data-element_type=\"widget\" data-e-type=\"widget\" data-widget_type=\"template.default\">\n\t\t\t\t<div class=\"elementor-widget-container\">\n\t\t\t\t\t\t\t<div class=\"elementor-template\">\n\t\t\t\t\t<div data-elementor-type=\"section\" data-elementor-id=\"282\" class=\"elementor elementor-282\" data-elementor-post-type=\"elementor_library\">\n\t\t\t\t\t<section class=\"elementor-section elementor-top-section elementor-element elementor-element-5558a1f elementor-section-boxed elementor-section-height-default elementor-section-height-default\" data-id=\"5558a1f\" data-element_type=\"section\" data-e-type=\"section\" data-settings=\"{&quot;background_background&quot;:&quot;classic&quot;}\">\n\t\t\t\t\t\t<div class=\"elementor-container elementor-column-gap-default\">\n\t\t\t\t\t<div class=\"elementor-column elementor-col-100 elementor-top-column elementor-element elementor-element-ac264fd\" data-id=\"ac264fd\" data-element_type=\"column\" data-e-type=\"column\" data-settings=\"{&quot;background_background&quot;:&quot;classic&quot;}\">\n\t\t\t<div class=\"elementor-widget-wrap elementor-element-populated\">\n\t\t\t\t\t\t<div class=\"elementor-element elementor-element-7ba26b0 elementor-widget elementor-widget-heading\" data-id=\"7ba26b0\" data-element_type=\"widget\" data-e-type=\"widget\" data-widget_type=\"heading.default\">\n\t\t\t\t<div class=\"elementor-widget-container\">\n\t\t\t\t\t<h2 class=\"elementor-heading-title elementor-size-default\">Pot\u0159ebujete pomoci?<\/h2>\t\t\t\t<\/div>\n\t\t\t\t<\/div>\n\t\t\t\t<div class=\"elementor-element elementor-element-e417006 elementor-widget elementor-widget-text-editor\" data-id=\"e417006\" data-element_type=\"widget\" data-e-type=\"widget\" data-widget_type=\"text-editor.default\">\n\t\t\t\t<div class=\"elementor-widget-container\">\n\t\t\t\t\t\t\t\t\t<p>Nev\u00e1hejte se na n\u00e1s obr\u00e1tit s dotazem \u010di prosbou o nez\u00e1vaznou konzultaci.<\/p>\t\t\t\t\t\t\t\t<\/div>\n\t\t\t\t<\/div>\n\t\t\t\t<div class=\"elementor-element elementor-element-97a6521 elementor-align-center elementor-widget elementor-widget-button\" data-id=\"97a6521\" data-element_type=\"widget\" data-e-type=\"widget\" data-widget_type=\"button.default\">\n\t\t\t\t<div class=\"elementor-widget-container\">\n\t\t\t\t\t\t\t\t\t<div class=\"elementor-button-wrapper\">\n\t\t\t\t\t<a class=\"elementor-button elementor-button-link elementor-size-md\" href=\"\/kontakt\/\">\n\t\t\t\t\t\t<span class=\"elementor-button-content-wrapper\">\n\t\t\t\t\t\t<span class=\"elementor-button-icon\">\n\t\t\t\t<i aria-hidden=\"true\" class=\"fas fa-long-arrow-alt-right\"><\/i>\t\t\t<\/span>\n\t\t\t\t\t\t\t\t\t<span class=\"elementor-button-text\">Kontakt<\/span>\n\t\t\t\t\t<\/span>\n\t\t\t\t\t<\/a>\n\t\t\t\t<\/div>\n\t\t\t\t\t\t\t\t<\/div>\n\t\t\t\t<\/div>\n\t\t\t\t\t<\/div>\n\t\t<\/div>\n\t\t\t\t\t<\/div>\n\t\t<\/section>\n\t\t\t\t<\/div>\n\t\t\t\t<\/div>\n\t\t\t\t\t\t<\/div>\n\t\t\t\t<\/div>\n\t\t\t\t\t<\/div>\n\t\t<\/div>\n\t\t\t\t\t<\/div>\n\t\t<\/section>\n\t\t\t\t<\/div>\n\t\t","protected":false},"excerpt":{"rendered":"<p>\u041c\u044b \u043c\u043e\u0436\u0435\u043c \u043f\u043e\u043c\u043e\u0447\u044c \u0438 \u0432\u0430\u043c \u041a\u043e\u0440\u043f\u043e\u0440\u0430\u0442\u0438\u0432\u043d\u044b\u0435 \u0431\u043e\u043d\u0443\u0441\u044b \u0412\u044b \u044f\u0432\u043b\u044f\u0435\u0442\u0435\u0441\u044c \u0432\u043b\u0430\u0434\u0435\u043b\u044c\u0446\u0435\u043c \u0444\u0438\u0440\u043c\u044b? \u0412\u044b \u0437\u0430\u0434\u0443\u043c\u044b\u0432\u0430\u0435\u0442\u0435\u0441\u044c \u043e \u0442\u043e\u043c, \u043a\u0430\u043a\u0438\u0435 \u0444\u0438\u043d\u0430\u043d\u0441\u043e\u0432\u044b\u0435 \u0431\u043e\u043d\u0443\u0441\u044b \u043f\u0440\u0435\u0434\u043b\u043e\u0436\u0438\u0442\u044c \u0441\u0432\u043e\u0438\u043c \u0441\u043e\u0442\u0440\u0443\u0434\u043d\u0438\u043a\u0430\u043c? \u0418\u043b\u0438 \u0412\u044b \u0441\u043e\u043c\u043d\u0435\u0432\u0430\u0435\u0442\u0435\u0441\u044c, \u043f\u0440\u0430\u0432\u0438\u043b\u044c\u043d\u043e \u043b\u0438 \u0412\u044b \u0432\u044b\u0441\u0442\u0440\u043e\u0438\u043b\u0438 \u0441\u0432\u043e\u044e \u043f\u0440\u043e\u0433\u0440\u0430\u043c\u043c\u0443 \u0431\u043e\u043d\u0443\u0441\u043e\u0432? \u0421\u0432\u044f\u0436\u0438\u0442\u0435\u0441\u044c \u0441 \u043d\u0430\u043c\u0438 \u0434\u043b\u044f \u043f\u043e\u043b\u0443\u0447\u0435\u043d\u0438\u044f \u043a\u043e\u043d\u0441\u0443\u043b\u044c\u0442\u0430\u0446\u0438\u0438! \u041c\u044b \u043f\u0440\u043e\u0432\u0435\u0434\u0435\u043c \u0430\u0443\u0434\u0438\u0442 \u0412\u0430\u0448\u0435\u0433\u043e \u0443\u0436\u0435 \u0441\u0443\u0449\u0435\u0441\u0442\u0432\u0443\u044e\u0449\u0435\u0433\u043e \u043f\u043b\u0430\u043d\u0430 \u0431\u043e\u043d\u0443\u0441\u043e\u0432, \u0441\u0440\u0430\u0432\u043d\u0438\u043c \u0435\u0433\u043e \u0441 \u0440\u044b\u043d\u043e\u0447\u043d\u043e\u0439 \u043f\u0440\u0430\u043a\u0442\u0438\u043a\u043e\u0439, \u043f\u043e\u0434\u0433\u043e\u0442\u043e\u0432\u0438\u043c \u043f\u0440\u0435\u0434\u043b\u043e\u0436\u0435\u043d\u0438\u044f \u043f\u043e \u0432\u043d\u0435\u0441\u0435\u043d\u0438\u044e \u0438\u0437\u043c\u0435\u043d\u0435\u043d\u0438\u0439, [&hellip;]<\/p>\n","protected":false},"author":6,"featured_media":0,"parent":0,"menu_order":0,"comment_status":"closed","ping_status":"closed","template":"","meta":{"footnotes":""},"class_list":["post-5446","page","type-page","status-publish","hentry"],"aioseo_notices":[],"_links":{"self":[{"href":"https:\/\/fintalk.cz\/ru\/wp-json\/wp\/v2\/pages\/5446","targetHints":{"allow":["GET"]}}],"collection":[{"href":"https:\/\/fintalk.cz\/ru\/wp-json\/wp\/v2\/pages"}],"about":[{"href":"https:\/\/fintalk.cz\/ru\/wp-json\/wp\/v2\/types\/page"}],"author":[{"embeddable":true,"href":"https:\/\/fintalk.cz\/ru\/wp-json\/wp\/v2\/users\/6"}],"replies":[{"embeddable":true,"href":"https:\/\/fintalk.cz\/ru\/wp-json\/wp\/v2\/comments?post=5446"}],"version-history":[{"count":4,"href":"https:\/\/fintalk.cz\/ru\/wp-json\/wp\/v2\/pages\/5446\/revisions"}],"predecessor-version":[{"id":5458,"href":"https:\/\/fintalk.cz\/ru\/wp-json\/wp\/v2\/pages\/5446\/revisions\/5458"}],"wp:attachment":[{"href":"https:\/\/fintalk.cz\/ru\/wp-json\/wp\/v2\/media?parent=5446"}],"curies":[{"name":"wp","href":"https:\/\/api.w.org\/{rel}","templated":true}]}}