{"id":5450,"date":"2023-10-16T13:57:16","date_gmt":"2023-10-16T11:57:16","guid":{"rendered":"https:\/\/fintalk.cz\/?page_id=5450"},"modified":"2023-10-16T14:08:33","modified_gmt":"2023-10-16T12:08:33","slug":"financial-planning-ru","status":"publish","type":"page","link":"https:\/\/fintalk.cz\/ru\/financial-planning-ru\/","title":{"rendered":"\u0424\u0438\u043d\u0430\u043d\u0441\u043e\u0432\u043e\u0435 \u043f\u043b\u0430\u043d\u0438\u0440\u043e\u0432\u0430\u043d\u0438\u0435"},"content":{"rendered":"\t\t<div data-elementor-type=\"wp-page\" data-elementor-id=\"5450\" class=\"elementor elementor-5450 elementor-334\" data-elementor-post-type=\"page\">\n\t\t\t\t\t\t<section class=\"elementor-section elementor-top-section elementor-element elementor-element-d31cba2 elementor-section-height-min-height elementor-section-boxed elementor-section-height-default elementor-section-items-middle\" data-id=\"d31cba2\" data-element_type=\"section\" data-e-type=\"section\" data-settings=\"{&quot;background_background&quot;:&quot;classic&quot;}\">\n\t\t\t\t\t\t<div class=\"elementor-container elementor-column-gap-default\">\n\t\t\t\t\t<div class=\"elementor-column elementor-col-100 elementor-top-column elementor-element elementor-element-17b37821\" data-id=\"17b37821\" data-element_type=\"column\" data-e-type=\"column\">\n\t\t\t<div class=\"elementor-widget-wrap elementor-element-populated\">\n\t\t\t\t\t\t<div class=\"elementor-element elementor-element-3d49cad elementor-widget elementor-widget-text-editor\" data-id=\"3d49cad\" data-element_type=\"widget\" data-e-type=\"widget\" data-widget_type=\"text-editor.default\">\n\t\t\t\t<div class=\"elementor-widget-container\">\n\t\t\t\t\t\t\t\t\t<p>\u041c\u044b \u043c\u043e\u0436\u0435\u043c \u043f\u043e\u043c\u043e\u0447\u044c \u0438 \u0432\u0430\u043c<\/p>\t\t\t\t\t\t\t\t<\/div>\n\t\t\t\t<\/div>\n\t\t\t\t<div class=\"elementor-element elementor-element-43f1a29b elementor-widget elementor-widget-heading\" data-id=\"43f1a29b\" data-element_type=\"widget\" data-e-type=\"widget\" data-widget_type=\"heading.default\">\n\t\t\t\t<div class=\"elementor-widget-container\">\n\t\t\t\t\t<h1 class=\"elementor-heading-title elementor-size-default\">\u041a\u043e\u043c\u043f\u043b\u0435\u043a\u0441\u043d\u043e\u0435 \u0444\u0438\u043d\u0430\u043d\u0441\u043e\u0432\u043e\u0435 \u043f\u043b\u0430\u043d\u0438\u0440\u043e\u0432\u0430\u043d\u0438\u0435<\/h1>\t\t\t\t<\/div>\n\t\t\t\t<\/div>\n\t\t\t\t\t<\/div>\n\t\t<\/div>\n\t\t\t\t\t<\/div>\n\t\t<\/section>\n\t\t\t\t<section class=\"elementor-section elementor-inner-section elementor-element elementor-element-702d8c97 elementor-section-boxed elementor-section-height-default elementor-section-height-default\" data-id=\"702d8c97\" data-element_type=\"section\" data-e-type=\"section\">\n\t\t\t\t\t\t<div class=\"elementor-container elementor-column-gap-default\">\n\t\t\t\t\t<div class=\"elementor-column elementor-col-50 elementor-inner-column elementor-element elementor-element-7a3b46cb\" data-id=\"7a3b46cb\" data-element_type=\"column\" data-e-type=\"column\">\n\t\t\t<div class=\"elementor-widget-wrap elementor-element-populated\">\n\t\t\t\t\t\t<div class=\"elementor-element elementor-element-6b912cc9 elementor-widget elementor-widget-image\" data-id=\"6b912cc9\" data-element_type=\"widget\" data-e-type=\"widget\" data-widget_type=\"image.default\">\n\t\t\t\t<div class=\"elementor-widget-container\">\n\t\t\t\t\t\t\t\t\t\t\t\t\t\t\t<img fetchpriority=\"high\" decoding=\"async\" width=\"800\" height=\"530\" src=\"https:\/\/fintalk.cz\/wp-content\/uploads\/2019\/12\/chart-close-up-data-desk-590022-1024x678.jpg\" class=\"attachment-large size-large wp-image-5368\" alt=\"\" srcset=\"https:\/\/fintalk.cz\/wp-content\/uploads\/2019\/12\/chart-close-up-data-desk-590022-1024x678.jpg 1024w, https:\/\/fintalk.cz\/wp-content\/uploads\/2019\/12\/chart-close-up-data-desk-590022-300x199.jpg 300w, https:\/\/fintalk.cz\/wp-content\/uploads\/2019\/12\/chart-close-up-data-desk-590022-768x508.jpg 768w, https:\/\/fintalk.cz\/wp-content\/uploads\/2019\/12\/chart-close-up-data-desk-590022-1536x1017.jpg 1536w, https:\/\/fintalk.cz\/wp-content\/uploads\/2019\/12\/chart-close-up-data-desk-590022.jpg 1920w\" sizes=\"(max-width: 800px) 100vw, 800px\" \/>\t\t\t\t\t\t\t\t\t\t\t\t\t\t\t<\/div>\n\t\t\t\t<\/div>\n\t\t\t\t\t<\/div>\n\t\t<\/div>\n\t\t\t\t<div class=\"elementor-column elementor-col-50 elementor-inner-column elementor-element elementor-element-6d3c9f1f\" data-id=\"6d3c9f1f\" data-element_type=\"column\" data-e-type=\"column\">\n\t\t\t<div class=\"elementor-widget-wrap elementor-element-populated\">\n\t\t\t\t\t\t<div class=\"elementor-element elementor-element-20818fa5 elementor-widget elementor-widget-text-editor\" data-id=\"20818fa5\" data-element_type=\"widget\" data-e-type=\"widget\" data-widget_type=\"text-editor.default\">\n\t\t\t\t<div class=\"elementor-widget-container\">\n\t\t\t\t\t\t\t\t\t<p>\u0416\u0438\u0437\u043d\u044c &#8212; \u044d\u0442\u043e \u043d\u0435 \u0442\u043e\u043b\u044c\u043a\u043e \u0438\u043f\u043e\u0442\u0435\u043a\u0430. \u041f\u043b\u0430\u043d\u0438\u0440\u0443\u0439\u0442\u0435 \u0441\u0432\u043e\u0435 \u0444\u0438\u043d\u0430\u043d\u0441\u043e\u0432\u043e\u0435 \u0431\u0443\u0434\u0443\u0449\u0435\u0435. \u041c\u044b \u043f\u043e\u043c\u043e\u0436\u0435\u043c \u0412\u0430\u043c \u043e\u0431\u0435\u0441\u043f\u0435\u0447\u0438\u0442\u044c \u0431\u0435\u0437\u043e\u043f\u0430\u0441\u043d\u043e\u0441\u0442\u044c \u0412\u0430\u0448\u0438\u0445 \u0434\u043e\u0445\u043e\u0434\u043e\u0432 \u0438 \u0444\u0438\u043d\u0430\u043d\u0441\u043e\u0432\u044b\u0445 \u043e\u0431\u044f\u0437\u0430\u0442\u0435\u043b\u044c\u0441\u0442\u0432, \u0437\u0430\u0441\u0442\u0440\u0430\u0445\u043e\u0432\u0430\u0442\u044c \u0412\u0430\u0448\u0435 \u0438\u043c\u0443\u0449\u0435\u0441\u0442\u0432\u043e \u0438 \u043f\u043e\u043c\u043e\u0447\u044c \u0412\u0430\u043c \u043b\u0443\u0447\u0448\u0435 \u043f\u043e\u0434\u0433\u043e\u0442\u043e\u0432\u0438\u0442\u044c\u0441\u044f \u043a \u0434\u043e\u0441\u0442\u0438\u0436\u0435\u043d\u0438\u044e \u0437\u0430\u043f\u043b\u0430\u043d\u0438\u0440\u043e\u0432\u0430\u043d\u043d\u044b\u0445 \u0444\u0438\u043d\u0430\u043d\u0441\u043e\u0432\u044b\u0445 \u0446\u0435\u043b\u0435\u0439, \u0442\u0430\u043a\u0438\u0445 \u043a\u0430\u043a \u043e\u0431\u0440\u0430\u0437\u043e\u0432\u0430\u043d\u0438\u044f \u0412\u0430\u0448\u0438\u0445 \u0434\u0435\u0442\u0435\u0439, \u043e\u0431\u0435\u0441\u043f\u0435\u0447\u0435\u043d\u0438\u0435 \u0444\u0438\u043d\u0430\u043d\u0441\u043e\u0432\u043e\u0439 \u043d\u0435\u0437\u0430\u0432\u0438\u0441\u0438\u043c\u043e\u0441\u0442\u0438 \u0438 \u0441\u0440\u0435\u0434\u0441\u0442\u0432 \u0434\u043b\u044f \u043f\u0435\u043d\u0441\u0438\u0438. \u041d\u0435 \u043e\u0442\u043a\u043b\u0430\u0434\u044b\u0432\u0430\u0439\u0442\u0435 \u043f\u0440\u0438\u043d\u044f\u0442\u0438\u0435 \u0440\u0435\u0448\u0435\u043d\u0438\u044f \u043d\u0430 \u043f\u043e\u0442\u043e\u043c. \u0427\u0435\u043c \u0440\u0430\u043d\u044c\u0448\u0435 \u043d\u0430\u0447\u043d\u0435\u0442\u0435, \u0442\u0435\u043c \u043b\u0435\u0433\u0447\u0435 \u0431\u0443\u0434\u0435\u0442 \u0434\u043e\u0441\u0442\u0438\u0447\u044c \u043f\u043e\u0441\u0442\u0430\u0432\u043b\u0435\u043d\u043d\u044b\u0445 \u0446\u0435\u043b\u0435\u0439. \u0421\u0432\u044f\u0436\u0438\u0442\u0435\u0441\u044c \u0441 \u043d\u0430\u043c\u0438 \u0435\u0449\u0435 \u0441\u0435\u0433\u043e\u0434\u043d\u044f!<\/p><p><strong>\u0426\u0435\u043b\u044c \u0444\u0438\u043d\u0430\u043d\u0441\u043e\u0432\u043e\u0433\u043e \u0430\u043d\u0430\u043b\u0438\u0437\u0430 \u0441\u043e\u0441\u0442\u043e\u0438\u0442 \u043d\u0435 \u0432 \u0442\u043e\u043c, \u0447\u0442\u043e\u0431\u044b \u0441\u043d\u0438\u0437\u0438\u0442\u044c \u0443\u0440\u043e\u0432\u0435\u043d\u044c \u0412\u0430\u0448\u0435\u0439 \u0436\u0438\u0437\u043d\u0438, \u0430 \u0432 \u0442\u043e\u043c, \u0447\u0442\u043e\u0431\u044b \u0432\u044b\u044f\u0441\u043d\u0438\u0442\u044c, \u0433\u0434\u0435 \u0412\u044b \u0442\u0440\u0430\u0442\u0438\u0442\u0435 \u0441\u043b\u0438\u0448\u043a\u043e\u043c \u043c\u043d\u043e\u0433\u043e \u0438 \u043a\u0430\u043a \u0443\u043b\u0443\u0447\u0448\u0438\u0442\u044c \u0438\u0441\u043f\u043e\u043b\u044c\u0437\u043e\u0432\u0430\u043d\u0438\u0435 \u0442\u0430\u043a\u0438\u0445 \u0441\u0431\u0435\u0440\u0435\u0436\u0435\u043d\u0438\u0439.<\/strong><\/p>\t\t\t\t\t\t\t\t<\/div>\n\t\t\t\t<\/div>\n\t\t\t\t\t<\/div>\n\t\t<\/div>\n\t\t\t\t\t<\/div>\n\t\t<\/section>\n\t\t\t\t<section class=\"elementor-section elementor-top-section elementor-element elementor-element-14672f85 elementor-section-boxed elementor-section-height-default elementor-section-height-default\" data-id=\"14672f85\" data-element_type=\"section\" data-e-type=\"section\">\n\t\t\t\t\t\t<div class=\"elementor-container elementor-column-gap-default\">\n\t\t\t\t\t<div class=\"elementor-column elementor-col-100 elementor-top-column elementor-element elementor-element-7c46b37\" data-id=\"7c46b37\" data-element_type=\"column\" data-e-type=\"column\">\n\t\t\t<div class=\"elementor-widget-wrap elementor-element-populated\">\n\t\t\t\t\t\t<section class=\"elementor-section elementor-inner-section elementor-element elementor-element-1a7d74ba elementor-section-boxed elementor-section-height-default elementor-section-height-default\" data-id=\"1a7d74ba\" data-element_type=\"section\" data-e-type=\"section\">\n\t\t\t\t\t\t<div class=\"elementor-container elementor-column-gap-default\">\n\t\t\t\t\t<div class=\"elementor-column elementor-col-50 elementor-inner-column elementor-element elementor-element-5d47aac3\" data-id=\"5d47aac3\" data-element_type=\"column\" data-e-type=\"column\">\n\t\t\t<div class=\"elementor-widget-wrap elementor-element-populated\">\n\t\t\t\t\t\t<div class=\"elementor-element elementor-element-3b3dc0b5 elementor-widget elementor-widget-text-editor\" data-id=\"3b3dc0b5\" data-element_type=\"widget\" data-e-type=\"widget\" data-widget_type=\"text-editor.default\">\n\t\t\t\t<div class=\"elementor-widget-container\">\n\t\t\t\t\t\t\t\t\t<p>\u0424\u0438\u043d\u0430\u043d\u0441\u043e\u0432\u043e\u0435 \u043a\u043e\u043d\u0441\u0443\u043b\u044c\u0442\u0438\u0440\u043e\u0432\u0430\u043d\u0438\u0435 &#8212; \u044d\u0442\u043e \u0434\u043e\u043b\u0433\u043e\u0441\u0440\u043e\u0447\u043d\u044b\u0439 \u043f\u0440\u043e\u0446\u0435\u0441\u0441. \u041d\u0430\u0448\u0438 \u0441\u043f\u0435\u0446\u0438\u0430\u043b\u0438\u0441\u0442\u044b \u043f\u043e\u043c\u043e\u0433\u0443\u0442 \u0412\u0430\u043c \u043e\u043f\u0440\u0435\u0434\u0435\u043b\u0438\u0442\u044c \u0412\u0430\u0448\u0438 \u0444\u0438\u043d\u0430\u043d\u0441\u043e\u0432\u044b\u0435 \u0446\u0435\u043b\u0438, \u0438\u0441\u0445\u043e\u0434\u044f \u0438\u0437 \u0412\u0430\u0448\u0438\u0445 \u0436\u0438\u0437\u043d\u0435\u043d\u043d\u044b\u0445 \u043f\u0440\u0438\u043e\u0440\u0438\u0442\u0435\u0442\u043e\u0432, \u0438 \u043f\u043e\u0434\u0441\u043a\u0430\u0436\u0443\u0442, \u043a\u0430\u043a \u043d\u0430\u0438\u0431\u043e\u043b\u0435\u0435 \u044d\u0444\u0444\u0435\u043a\u0442\u0438\u0432\u043d\u043e \u0438 \u0431\u0435\u0437\u043e\u043f\u0430\u0441\u043d\u043e \u0434\u043e\u0441\u0442\u0438\u0447\u044c \u044d\u0442\u0438\u0445 \u0446\u0435\u043b\u0435\u0439 \u0432 \u0440\u0430\u043c\u043a\u0430\u0445 \u0412\u0430\u0448\u0438\u0445 \u0432\u043e\u0437\u043c\u043e\u0436\u043d\u043e\u0441\u0442\u0435\u0439. \u041e\u043d\u0438 \u0442\u0430\u043a\u0436\u0435 \u043f\u043e\u0434\u0433\u043e\u0442\u043e\u0432\u044f\u0442 \u0434\u043b\u044f \u0412\u0430\u0441 \u0444\u0438\u043d\u0430\u043d\u0441\u043e\u0432\u044b\u0439 \u043f\u043b\u0430\u043d, \u043a\u043e\u0442\u043e\u0440\u044b\u0439 \u0441\u0442\u0430\u043d\u0435\u0442 \u0412\u0430\u0448\u0438\u043c \u043f\u0435\u0447\u0430\u0442\u043d\u044b\u043c \u0440\u0443\u043a\u043e\u0432\u043e\u0434\u0441\u0442\u0432\u043e\u043c \u043d\u0430 \u0431\u043b\u0438\u0436\u0430\u0439\u0448\u0438\u0439 \u043f\u0435\u0440\u0438\u043e\u0434 \u0438 \u0441 \u043a\u043e\u0442\u043e\u0440\u044b\u043c \u0412\u044b \u0441\u043c\u043e\u0436\u0435\u0442\u0435 \u043f\u043e\u0441\u0442\u043e\u044f\u043d\u043d\u043e \u0440\u0430\u0431\u043e\u0442\u0430\u0442\u044c \u0432 \u043f\u043e\u0441\u043b\u0435\u0434\u0443\u044e\u0449\u0438\u0435 \u0433\u043e\u0434\u044b, \u043a\u043e\u0440\u0440\u0435\u043a\u0442\u0438\u0440\u0443\u044f \u0435\u0433\u043e \u0432 \u0441\u043e\u043e\u0442\u0432\u0435\u0442\u0441\u0442\u0432\u0438\u0438 \u0441 \u0442\u0435\u043a\u0443\u0449\u0435\u0439 \u0441\u0438\u0442\u0443\u0430\u0446\u0438\u0435\u0439 \u0438 \u043c\u0435\u043d\u044f\u044e\u0449\u0438\u043c\u0438\u0441\u044f \u0443\u0441\u043b\u043e\u0432\u0438\u044f\u043c\u0438. \u041c\u044b \u0431\u0443\u0434\u0435\u043c \u0412\u0430\u043c \u043f\u043e\u043c\u043e\u0433\u0430\u0442\u044c \u0432 \u0441\u043e\u043e\u0442\u0432\u0435\u0442\u0441\u0442\u0432\u0438\u0438 \u0441 \u0412\u0430\u0448\u0438\u043c\u0438 \u043f\u043e\u0442\u0440\u0435\u0431\u043d\u043e\u0441\u0442\u044f\u043c\u0438 \u0438 \u0442\u0440\u0435\u0431\u043e\u0432\u0430\u043d\u0438\u044f\u043c\u0438 \u043d\u0430 \u043d\u0430\u0448\u0438\u0445 \u0440\u0435\u0433\u0443\u043b\u044f\u0440\u043d\u044b\u0445 \u0435\u0436\u0435\u0433\u043e\u0434\u043d\u044b\u0445 \u0432\u0441\u0442\u0440\u0435\u0447\u0430\u0445.<\/p><p><strong>\u0421\u0432\u044f\u0436\u0438\u0442\u0435\u0441\u044c \u0441 \u043d\u0430\u043c\u0438 \u0438 \u0437\u0430\u043f\u0440\u043e\u0441\u0438\u0442\u0435 \u043e\u0431\u0440\u0430\u0437\u0435\u0446 \u0444\u0438\u043d\u0430\u043d\u0441\u043e\u0432\u043e\u0433\u043e \u043f\u043b\u0430\u043d\u0430!<\/strong><\/p>\t\t\t\t\t\t\t\t<\/div>\n\t\t\t\t<\/div>\n\t\t\t\t\t<\/div>\n\t\t<\/div>\n\t\t\t\t<div class=\"elementor-column elementor-col-50 elementor-inner-column elementor-element elementor-element-3fabe73b\" data-id=\"3fabe73b\" data-element_type=\"column\" data-e-type=\"column\">\n\t\t\t<div class=\"elementor-widget-wrap elementor-element-populated\">\n\t\t\t\t\t\t<div class=\"elementor-element elementor-element-4329586f elementor-widget elementor-widget-image\" data-id=\"4329586f\" data-element_type=\"widget\" data-e-type=\"widget\" data-widget_type=\"image.default\">\n\t\t\t\t<div class=\"elementor-widget-container\">\n\t\t\t\t\t\t\t\t\t\t\t\t\t\t\t<img decoding=\"async\" width=\"800\" height=\"534\" src=\"https:\/\/fintalk.cz\/wp-content\/uploads\/2019\/12\/startup-planning-notes-mac-book-7357-1024x683.jpg\" class=\"attachment-large size-large wp-image-5367\" alt=\"\" srcset=\"https:\/\/fintalk.cz\/wp-content\/uploads\/2019\/12\/startup-planning-notes-mac-book-7357-1024x683.jpg 1024w, https:\/\/fintalk.cz\/wp-content\/uploads\/2019\/12\/startup-planning-notes-mac-book-7357-300x200.jpg 300w, https:\/\/fintalk.cz\/wp-content\/uploads\/2019\/12\/startup-planning-notes-mac-book-7357-768x512.jpg 768w, https:\/\/fintalk.cz\/wp-content\/uploads\/2019\/12\/startup-planning-notes-mac-book-7357-1536x1024.jpg 1536w, https:\/\/fintalk.cz\/wp-content\/uploads\/2019\/12\/startup-planning-notes-mac-book-7357.jpg 1920w\" sizes=\"(max-width: 800px) 100vw, 800px\" \/>\t\t\t\t\t\t\t\t\t\t\t\t\t\t\t<\/div>\n\t\t\t\t<\/div>\n\t\t\t\t\t<\/div>\n\t\t<\/div>\n\t\t\t\t\t<\/div>\n\t\t<\/section>\n\t\t\t\t\t<\/div>\n\t\t<\/div>\n\t\t\t\t\t<\/div>\n\t\t<\/section>\n\t\t\t\t<section class=\"elementor-section elementor-top-section elementor-element elementor-element-2e3049e3 elementor-section-boxed elementor-section-height-default elementor-section-height-default\" data-id=\"2e3049e3\" data-element_type=\"section\" data-e-type=\"section\" data-settings=\"{&quot;background_background&quot;:&quot;classic&quot;}\">\n\t\t\t\t\t\t<div class=\"elementor-container elementor-column-gap-default\">\n\t\t\t\t\t<div class=\"elementor-column elementor-col-100 elementor-top-column elementor-element elementor-element-1738839c\" data-id=\"1738839c\" data-element_type=\"column\" data-e-type=\"column\">\n\t\t\t<div class=\"elementor-widget-wrap elementor-element-populated\">\n\t\t\t\t\t\t<div class=\"elementor-element elementor-element-59efee3 elementor-widget elementor-widget-template\" data-id=\"59efee3\" data-element_type=\"widget\" data-e-type=\"widget\" data-widget_type=\"template.default\">\n\t\t\t\t<div class=\"elementor-widget-container\">\n\t\t\t\t\t\t\t<div class=\"elementor-template\">\n\t\t\t\t\t<div data-elementor-type=\"section\" data-elementor-id=\"282\" class=\"elementor elementor-282\" data-elementor-post-type=\"elementor_library\">\n\t\t\t\t\t<section class=\"elementor-section elementor-top-section elementor-element elementor-element-5558a1f elementor-section-boxed elementor-section-height-default elementor-section-height-default\" data-id=\"5558a1f\" data-element_type=\"section\" data-e-type=\"section\" data-settings=\"{&quot;background_background&quot;:&quot;classic&quot;}\">\n\t\t\t\t\t\t<div class=\"elementor-container elementor-column-gap-default\">\n\t\t\t\t\t<div class=\"elementor-column elementor-col-100 elementor-top-column elementor-element elementor-element-ac264fd\" data-id=\"ac264fd\" data-element_type=\"column\" data-e-type=\"column\" data-settings=\"{&quot;background_background&quot;:&quot;classic&quot;}\">\n\t\t\t<div class=\"elementor-widget-wrap elementor-element-populated\">\n\t\t\t\t\t\t<div class=\"elementor-element elementor-element-7ba26b0 elementor-widget elementor-widget-heading\" data-id=\"7ba26b0\" data-element_type=\"widget\" data-e-type=\"widget\" data-widget_type=\"heading.default\">\n\t\t\t\t<div class=\"elementor-widget-container\">\n\t\t\t\t\t<h2 class=\"elementor-heading-title elementor-size-default\">Pot\u0159ebujete pomoci?<\/h2>\t\t\t\t<\/div>\n\t\t\t\t<\/div>\n\t\t\t\t<div class=\"elementor-element elementor-element-e417006 elementor-widget elementor-widget-text-editor\" data-id=\"e417006\" data-element_type=\"widget\" data-e-type=\"widget\" data-widget_type=\"text-editor.default\">\n\t\t\t\t<div class=\"elementor-widget-container\">\n\t\t\t\t\t\t\t\t\t<p>Nev\u00e1hejte se na n\u00e1s obr\u00e1tit s dotazem \u010di prosbou o nez\u00e1vaznou konzultaci.<\/p>\t\t\t\t\t\t\t\t<\/div>\n\t\t\t\t<\/div>\n\t\t\t\t<div class=\"elementor-element elementor-element-97a6521 elementor-align-center elementor-widget elementor-widget-button\" data-id=\"97a6521\" data-element_type=\"widget\" data-e-type=\"widget\" data-widget_type=\"button.default\">\n\t\t\t\t<div class=\"elementor-widget-container\">\n\t\t\t\t\t\t\t\t\t<div class=\"elementor-button-wrapper\">\n\t\t\t\t\t<a class=\"elementor-button elementor-button-link elementor-size-md\" href=\"\/kontakt\/\">\n\t\t\t\t\t\t<span class=\"elementor-button-content-wrapper\">\n\t\t\t\t\t\t<span class=\"elementor-button-icon\">\n\t\t\t\t<i aria-hidden=\"true\" class=\"fas fa-long-arrow-alt-right\"><\/i>\t\t\t<\/span>\n\t\t\t\t\t\t\t\t\t<span class=\"elementor-button-text\">Kontakt<\/span>\n\t\t\t\t\t<\/span>\n\t\t\t\t\t<\/a>\n\t\t\t\t<\/div>\n\t\t\t\t\t\t\t\t<\/div>\n\t\t\t\t<\/div>\n\t\t\t\t\t<\/div>\n\t\t<\/div>\n\t\t\t\t\t<\/div>\n\t\t<\/section>\n\t\t\t\t<\/div>\n\t\t\t\t<\/div>\n\t\t\t\t\t\t<\/div>\n\t\t\t\t<\/div>\n\t\t\t\t\t<\/div>\n\t\t<\/div>\n\t\t\t\t\t<\/div>\n\t\t<\/section>\n\t\t\t\t<\/div>\n\t\t","protected":false},"excerpt":{"rendered":"<p>\u041c\u044b \u043c\u043e\u0436\u0435\u043c \u043f\u043e\u043c\u043e\u0447\u044c \u0438 \u0432\u0430\u043c \u041a\u043e\u043c\u043f\u043b\u0435\u043a\u0441\u043d\u043e\u0435 \u0444\u0438\u043d\u0430\u043d\u0441\u043e\u0432\u043e\u0435 \u043f\u043b\u0430\u043d\u0438\u0440\u043e\u0432\u0430\u043d\u0438\u0435 \u0416\u0438\u0437\u043d\u044c &#8212; \u044d\u0442\u043e \u043d\u0435 \u0442\u043e\u043b\u044c\u043a\u043e \u0438\u043f\u043e\u0442\u0435\u043a\u0430. \u041f\u043b\u0430\u043d\u0438\u0440\u0443\u0439\u0442\u0435 \u0441\u0432\u043e\u0435 \u0444\u0438\u043d\u0430\u043d\u0441\u043e\u0432\u043e\u0435 \u0431\u0443\u0434\u0443\u0449\u0435\u0435. \u041c\u044b \u043f\u043e\u043c\u043e\u0436\u0435\u043c \u0412\u0430\u043c \u043e\u0431\u0435\u0441\u043f\u0435\u0447\u0438\u0442\u044c \u0431\u0435\u0437\u043e\u043f\u0430\u0441\u043d\u043e\u0441\u0442\u044c \u0412\u0430\u0448\u0438\u0445 \u0434\u043e\u0445\u043e\u0434\u043e\u0432 \u0438 \u0444\u0438\u043d\u0430\u043d\u0441\u043e\u0432\u044b\u0445 \u043e\u0431\u044f\u0437\u0430\u0442\u0435\u043b\u044c\u0441\u0442\u0432, \u0437\u0430\u0441\u0442\u0440\u0430\u0445\u043e\u0432\u0430\u0442\u044c \u0412\u0430\u0448\u0435 \u0438\u043c\u0443\u0449\u0435\u0441\u0442\u0432\u043e \u0438 \u043f\u043e\u043c\u043e\u0447\u044c \u0412\u0430\u043c \u043b\u0443\u0447\u0448\u0435 \u043f\u043e\u0434\u0433\u043e\u0442\u043e\u0432\u0438\u0442\u044c\u0441\u044f \u043a \u0434\u043e\u0441\u0442\u0438\u0436\u0435\u043d\u0438\u044e \u0437\u0430\u043f\u043b\u0430\u043d\u0438\u0440\u043e\u0432\u0430\u043d\u043d\u044b\u0445 \u0444\u0438\u043d\u0430\u043d\u0441\u043e\u0432\u044b\u0445 \u0446\u0435\u043b\u0435\u0439, \u0442\u0430\u043a\u0438\u0445 \u043a\u0430\u043a \u043e\u0431\u0440\u0430\u0437\u043e\u0432\u0430\u043d\u0438\u044f \u0412\u0430\u0448\u0438\u0445 \u0434\u0435\u0442\u0435\u0439, \u043e\u0431\u0435\u0441\u043f\u0435\u0447\u0435\u043d\u0438\u0435 \u0444\u0438\u043d\u0430\u043d\u0441\u043e\u0432\u043e\u0439 \u043d\u0435\u0437\u0430\u0432\u0438\u0441\u0438\u043c\u043e\u0441\u0442\u0438 \u0438 \u0441\u0440\u0435\u0434\u0441\u0442\u0432 \u0434\u043b\u044f \u043f\u0435\u043d\u0441\u0438\u0438. \u041d\u0435 \u043e\u0442\u043a\u043b\u0430\u0434\u044b\u0432\u0430\u0439\u0442\u0435 [&hellip;]<\/p>\n","protected":false},"author":6,"featured_media":0,"parent":0,"menu_order":0,"comment_status":"closed","ping_status":"closed","template":"","meta":{"footnotes":""},"class_list":["post-5450","page","type-page","status-publish","hentry"],"aioseo_notices":[],"_links":{"self":[{"href":"https:\/\/fintalk.cz\/ru\/wp-json\/wp\/v2\/pages\/5450","targetHints":{"allow":["GET"]}}],"collection":[{"href":"https:\/\/fintalk.cz\/ru\/wp-json\/wp\/v2\/pages"}],"about":[{"href":"https:\/\/fintalk.cz\/ru\/wp-json\/wp\/v2\/types\/page"}],"author":[{"embeddable":true,"href":"https:\/\/fintalk.cz\/ru\/wp-json\/wp\/v2\/users\/6"}],"replies":[{"embeddable":true,"href":"https:\/\/fintalk.cz\/ru\/wp-json\/wp\/v2\/comments?post=5450"}],"version-history":[{"count":4,"href":"https:\/\/fintalk.cz\/ru\/wp-json\/wp\/v2\/pages\/5450\/revisions"}],"predecessor-version":[{"id":5459,"href":"https:\/\/fintalk.cz\/ru\/wp-json\/wp\/v2\/pages\/5450\/revisions\/5459"}],"wp:attachment":[{"href":"https:\/\/fintalk.cz\/ru\/wp-json\/wp\/v2\/media?parent=5450"}],"curies":[{"name":"wp","href":"https:\/\/api.w.org\/{rel}","templated":true}]}}