{"id":5499,"date":"2023-10-16T15:32:46","date_gmt":"2023-10-16T13:32:46","guid":{"rendered":"https:\/\/fintalk.cz\/?page_id=5499"},"modified":"2023-10-16T15:36:11","modified_gmt":"2023-10-16T13:36:11","slug":"%d1%81%d1%82%d1%80%d0%b0%d1%85%d0%be%d0%b2%d0%b0%d0%bd%d0%b8%d0%b5","status":"publish","type":"page","link":"https:\/\/fintalk.cz\/ru\/%d1%81%d1%82%d1%80%d0%b0%d1%85%d0%be%d0%b2%d0%b0%d0%bd%d0%b8%d0%b5\/","title":{"rendered":"\u0421\u0442\u0440\u0430\u0445\u043e\u0432\u0430\u043d\u0438\u0435"},"content":{"rendered":"\t\t<div data-elementor-type=\"wp-page\" data-elementor-id=\"5499\" class=\"elementor elementor-5499 elementor-338\" data-elementor-post-type=\"page\">\n\t\t\t\t\t\t<section class=\"elementor-section elementor-top-section elementor-element elementor-element-2c757aa6 elementor-section-height-min-height elementor-section-boxed elementor-section-height-default elementor-section-items-middle\" data-id=\"2c757aa6\" data-element_type=\"section\" data-e-type=\"section\" data-settings=\"{&quot;background_background&quot;:&quot;classic&quot;}\">\n\t\t\t\t\t\t<div class=\"elementor-container elementor-column-gap-default\">\n\t\t\t\t\t<div class=\"elementor-column elementor-col-100 elementor-top-column elementor-element elementor-element-214625f0\" data-id=\"214625f0\" data-element_type=\"column\" data-e-type=\"column\">\n\t\t\t<div class=\"elementor-widget-wrap elementor-element-populated\">\n\t\t\t\t\t\t<div class=\"elementor-element elementor-element-baee832 elementor-widget elementor-widget-text-editor\" data-id=\"baee832\" data-element_type=\"widget\" data-e-type=\"widget\" data-widget_type=\"text-editor.default\">\n\t\t\t\t<div class=\"elementor-widget-container\">\n\t\t\t\t\t\t\t\t\t<p>\u041c\u044b \u043c\u043e\u0436\u0435\u043c \u043f\u043e\u043c\u043e\u0447\u044c \u0438 \u0432\u0430\u043c<\/p>\t\t\t\t\t\t\t\t<\/div>\n\t\t\t\t<\/div>\n\t\t\t\t<div class=\"elementor-element elementor-element-103f3277 elementor-widget elementor-widget-heading\" data-id=\"103f3277\" data-element_type=\"widget\" data-e-type=\"widget\" data-widget_type=\"heading.default\">\n\t\t\t\t<div class=\"elementor-widget-container\">\n\t\t\t\t\t<h1 class=\"elementor-heading-title elementor-size-default\">\u0421\u0442\u0440\u0430\u0445\u043e\u0432\u0430\u043d\u0438\u0435<\/h1>\t\t\t\t<\/div>\n\t\t\t\t<\/div>\n\t\t\t\t\t<\/div>\n\t\t<\/div>\n\t\t\t\t\t<\/div>\n\t\t<\/section>\n\t\t\t\t<section class=\"elementor-section elementor-inner-section elementor-element elementor-element-59b28d3e elementor-section-boxed elementor-section-height-default elementor-section-height-default\" data-id=\"59b28d3e\" data-element_type=\"section\" data-e-type=\"section\">\n\t\t\t\t\t\t<div class=\"elementor-container elementor-column-gap-default\">\n\t\t\t\t\t<div class=\"elementor-column elementor-col-50 elementor-inner-column elementor-element elementor-element-4f713f28\" data-id=\"4f713f28\" data-element_type=\"column\" data-e-type=\"column\">\n\t\t\t<div class=\"elementor-widget-wrap elementor-element-populated\">\n\t\t\t\t\t\t<div class=\"elementor-element elementor-element-1b2749b2 elementor-widget elementor-widget-image\" data-id=\"1b2749b2\" data-element_type=\"widget\" data-e-type=\"widget\" data-widget_type=\"image.default\">\n\t\t\t\t<div class=\"elementor-widget-container\">\n\t\t\t\t\t\t\t\t\t\t\t\t\t\t\t<img fetchpriority=\"high\" decoding=\"async\" width=\"800\" height=\"534\" src=\"https:\/\/fintalk.cz\/wp-content\/uploads\/2019\/12\/penze-2-1024x683.jpg\" class=\"attachment-large size-large wp-image-5365\" alt=\"\" srcset=\"https:\/\/fintalk.cz\/wp-content\/uploads\/2019\/12\/penze-2-1024x683.jpg 1024w, https:\/\/fintalk.cz\/wp-content\/uploads\/2019\/12\/penze-2-300x200.jpg 300w, https:\/\/fintalk.cz\/wp-content\/uploads\/2019\/12\/penze-2-768x512.jpg 768w, https:\/\/fintalk.cz\/wp-content\/uploads\/2019\/12\/penze-2-1536x1024.jpg 1536w, https:\/\/fintalk.cz\/wp-content\/uploads\/2019\/12\/penze-2.jpg 1920w\" sizes=\"(max-width: 800px) 100vw, 800px\" \/>\t\t\t\t\t\t\t\t\t\t\t\t\t\t\t<\/div>\n\t\t\t\t<\/div>\n\t\t\t\t\t<\/div>\n\t\t<\/div>\n\t\t\t\t<div class=\"elementor-column elementor-col-50 elementor-inner-column elementor-element elementor-element-71313101\" data-id=\"71313101\" data-element_type=\"column\" data-e-type=\"column\">\n\t\t\t<div class=\"elementor-widget-wrap elementor-element-populated\">\n\t\t\t\t\t\t<div class=\"elementor-element elementor-element-288bdd78 elementor-widget elementor-widget-heading\" data-id=\"288bdd78\" data-element_type=\"widget\" data-e-type=\"widget\" data-widget_type=\"heading.default\">\n\t\t\t\t<div class=\"elementor-widget-container\">\n\t\t\t\t\t<h3 class=\"elementor-heading-title elementor-size-default\">\u0421\u0442\u0440\u0430\u0445\u043e\u0432\u0430\u043d\u0438\u0435 \u0436\u0438\u0437\u043d\u0438\n<\/h3>\t\t\t\t<\/div>\n\t\t\t\t<\/div>\n\t\t\t\t<div class=\"elementor-element elementor-element-1e0cf1e8 elementor-widget elementor-widget-text-editor\" data-id=\"1e0cf1e8\" data-element_type=\"widget\" data-e-type=\"widget\" data-widget_type=\"text-editor.default\">\n\t\t\t\t<div class=\"elementor-widget-container\">\n\t\t\t\t\t\t\t\t\t<p>\u041a\u043e\u043d\u0435\u0447\u043d\u043e, \u043c\u044b \u0436\u0435\u043b\u0430\u0435\u043c, \u0447\u0442\u043e\u0431\u044b \u0412\u044b \u0438\u0437\u0431\u0435\u0436\u0430\u043b\u0438 \u0432\u0441\u0435\u0433\u043e \u043f\u043b\u043e\u0445\u043e\u0433\u043e. \u041d\u043e \u044d\u0442\u043e \u043d\u0435 \u0432\u0441\u0435\u0433\u0434\u0430 \u043f\u043e\u043b\u0443\u0447\u0430\u0435\u0442\u0441\u044f, \u0438 \u0431\u0435\u0437 \u0445\u043e\u0440\u043e\u0448\u0435\u0439 \u0441\u0442\u0440\u0430\u0445\u043e\u0432\u043a\u0438 \u0434\u0430\u0436\u0435 \u0441\u0430\u043c\u044b\u0439 \u043b\u0443\u0447\u0448\u0438\u0439 \u0444\u0438\u043d\u0430\u043d\u0441\u043e\u0432\u044b\u0439 \u043f\u043b\u0430\u043d \u043c\u043e\u0436\u0435\u0442 \u0440\u0430\u0441\u0441\u044b\u043f\u0430\u0442\u044c\u0441\u044f \u043a\u0430\u043a \u043a\u0430\u0440\u0442\u043e\u0447\u043d\u044b\u0439 \u0434\u043e\u043c\u0438\u043a. \u0412\u044b \u0443\u0436\u0435 \u0437\u0430\u0441\u0442\u0440\u0430\u0445\u043e\u0432\u0430\u043b\u0438 \u0412\u0430\u0448 \u0434\u043e\u043c, \u0442\u0435\u043b\u0435\u0432\u0438\u0437\u043e\u0440 \u0438 \u0430\u0432\u0442\u043e\u043c\u043e\u0431\u0438\u043b\u044c? \u0410 \u0432\u0441\u0435 \u043b\u0438 \u0443 \u0412\u0430\u0441 \u0437\u0430\u0441\u0442\u0440\u0430\u0445\u043e\u0432\u0430\u043d\u043e \u043d\u0430 \u0434\u043e\u0441\u0442\u0430\u0442\u043e\u0447\u043d\u0443\u044e \u0441\u0443\u043c\u043c\u0443? \u0410 \u043a\u0430\u043a\u043e\u0432\u0430 \u0446\u0435\u043d\u043d\u043e\u0441\u0442\u044c \u0412\u0430\u0448\u0435\u0433\u043e \u0437\u0434\u043e\u0440\u043e\u0432\u044c\u044f? \u0423\u0437\u043d\u0430\u0439\u0442\u0435 \u0443 \u043d\u0430\u0441, \u043a\u0430\u043a \u043c\u043e\u0436\u043d\u043e \u0437\u0430\u0449\u0438\u0442\u0438\u0442\u044c \u0441\u0435\u0431\u044f \u0432 \u0441\u043b\u0443\u0447\u0430\u0435 \u043f\u0440\u043e\u0431\u043b\u0435\u043c \u0441\u043e \u0437\u0434\u043e\u0440\u043e\u0432\u044c\u0435\u043c! \u041d\u0435 \u043e\u0441\u0442\u0430\u0432\u043b\u044f\u0439\u0442\u0435 \u044d\u0442\u043e \u043d\u0430 \u043f\u0440\u043e\u0438\u0437\u0432\u043e\u043b \u0441\u0443\u0434\u044c\u0431\u044b! \u041d\u0443\u0436\u043d\u043e \u0433\u043e\u0442\u043e\u0432\u0438\u0442\u044c\u0441\u044f \u0437\u0430\u0440\u0430\u043d\u0435\u0435!<\/p>\t\t\t\t\t\t\t\t<\/div>\n\t\t\t\t<\/div>\n\t\t\t\t\t<\/div>\n\t\t<\/div>\n\t\t\t\t\t<\/div>\n\t\t<\/section>\n\t\t\t\t<section class=\"elementor-section elementor-top-section elementor-element elementor-element-48069695 elementor-section-boxed elementor-section-height-default elementor-section-height-default\" data-id=\"48069695\" data-element_type=\"section\" data-e-type=\"section\">\n\t\t\t\t\t\t<div class=\"elementor-container elementor-column-gap-default\">\n\t\t\t\t\t<div class=\"elementor-column elementor-col-100 elementor-top-column elementor-element elementor-element-5bc28828\" data-id=\"5bc28828\" data-element_type=\"column\" data-e-type=\"column\">\n\t\t\t<div class=\"elementor-widget-wrap elementor-element-populated\">\n\t\t\t\t\t\t<section class=\"elementor-section elementor-inner-section elementor-element elementor-element-26c23c4c elementor-section-boxed elementor-section-height-default elementor-section-height-default\" data-id=\"26c23c4c\" data-element_type=\"section\" data-e-type=\"section\">\n\t\t\t\t\t\t<div class=\"elementor-container elementor-column-gap-default\">\n\t\t\t\t\t<div class=\"elementor-column elementor-col-50 elementor-inner-column elementor-element elementor-element-742827bc\" data-id=\"742827bc\" data-element_type=\"column\" data-e-type=\"column\">\n\t\t\t<div class=\"elementor-widget-wrap elementor-element-populated\">\n\t\t\t\t\t\t<div class=\"elementor-element elementor-element-79af5929 elementor-widget elementor-widget-text-editor\" data-id=\"79af5929\" data-element_type=\"widget\" data-e-type=\"widget\" data-widget_type=\"text-editor.default\">\n\t\t\t\t<div class=\"elementor-widget-container\">\n\t\t\t\t\t\t\t\t\t<p>\u0421\u043a\u043e\u043b\u044c\u043a\u043e \u0440\u0430\u0437 \u043c\u044b \u0443\u0436\u0435 \u0441\u043b\u044b\u0448\u0430\u043b\u0438: \u00ab\u041c\u043d\u0435 \u043d\u0435 \u043d\u0443\u0436\u043d\u0430 \u0441\u0442\u0440\u0430\u0445\u043e\u0432\u043a\u0430\u00bb. \u041c\u044b \u043d\u0435 \u0431\u0443\u0434\u0435\u043c \u043f\u0440\u0438\u043d\u0443\u0436\u0434\u0430\u0442\u044c \u0432\u0430\u0441 \u043a \u044d\u0442\u043e\u043c\u0443. \u041d\u043e &#8212; \u0435\u0441\u043b\u0438 \u0412\u0430\u0441 \u043e\u0433\u0440\u0430\u0431\u044f\u0442, \u0412\u0430\u043c \u043f\u0440\u0438\u0434\u0435\u0442\u0441\u044f \u0437\u0430\u043d\u043e\u0432\u043e \u043e\u0431\u043e\u0440\u0443\u0434\u043e\u0432\u0430\u0442\u044c \u043a\u0432\u0430\u0440\u0442\u0438\u0440\u0443, \u0435\u0441\u043b\u0438 \u0443 \u0412\u0430\u0441 \u0443\u043a\u0440\u0430\u0434\u0443\u0442 \u0438\u043b\u0438 \u0440\u0430\u0437\u043e\u0431\u044c\u044e\u0442 \u043c\u0430\u0448\u0438\u043d\u0443, \u0432\u044b \u0437\u0430\u0445\u043e\u0442\u0438\u0442\u0435 \u043a\u0443\u043f\u0438\u0442\u044c \u043d\u043e\u0432\u0443\u044e. \u041d\u0435 \u0433\u043e\u0432\u043e\u0440\u044f \u0443\u0436\u0435 \u043e\u0431 \u0440\u0430\u0437\u0440\u0443\u0448\u0435\u043d\u0438\u0438 \u043d\u0435\u0434\u0432\u0438\u0436\u0438\u043c\u043e\u0441\u0442\u0438! \u0418 \u0435\u0441\u043b\u0438 \u0412\u044b \u0445\u043e\u0440\u043e\u0448\u043e \u0437\u0430\u0441\u0442\u0440\u0430\u0445\u043e\u0432\u0430\u043b\u0438 \u0441\u0432\u043e\u0435 \u0438\u043c\u0443\u0449\u0435\u0441\u0442\u0432\u043e, \u0442\u043e \u0445\u043e\u0440\u043e\u0448\u043e \u043b\u0438 \u0412\u044b \u0437\u0430\u0441\u0442\u0440\u0430\u0445\u043e\u0432\u0430\u043b\u0438 \u0438 \u0441\u0435\u0431\u044f? \u0412\u044b &#8212; \u0442\u043e\u0442, \u0431\u0435\u0437 \u043a\u043e\u0433\u043e \u044d\u0442\u043e \u043d\u0435\u0432\u043e\u0437\u043c\u043e\u0436\u043d\u043e, \u0412\u044b &#8212; \u0433\u043b\u0430\u0432\u043d\u043e\u0435 \u043b\u0438\u0446\u043e. \u0410 \u0441\u0435\u0440\u044c\u0435\u0437\u043d\u044b\u0435 \u043e\u0441\u043b\u043e\u0436\u043d\u0435\u043d\u0438\u044f \u0441\u043e \u0437\u0434\u043e\u0440\u043e\u0432\u044c\u0435\u043c \u043c\u043e\u0433\u0443\u0442 \u0441\u0443\u0449\u0435\u0441\u0442\u0432\u0435\u043d\u043d\u043e \u043f\u043e\u0432\u043b\u0438\u044f\u0442\u044c \u043d\u0430 \u0412\u0430\u0448\u0438 \u043f\u043b\u0430\u043d\u044b \u0438\u043b\u0438 \u0432\u043e\u0432\u0441\u0435 \u0438\u0445 \u043f\u043e\u043b\u043d\u043e\u0441\u0442\u044c\u044e \u0440\u0430\u0437\u0440\u0443\u0448\u0438\u0442\u044c! \u041a\u0440\u043e\u043c\u0435 \u0442\u043e\u0433\u043e, \u043e\u043d\u0438, \u0441\u043a\u043e\u0440\u0435\u0435 \u0432\u0441\u0435\u0433\u043e, \u043f\u043e\u0442\u0440\u0435\u0431\u0443\u044e\u0442 \u0431\u043e\u043b\u044c\u0448\u0435\u0433\u043e \u043e\u0431\u044a\u0435\u043c\u0430 \u0434\u0435\u043d\u0435\u0436\u043d\u044b\u0445 \u0441\u0440\u0435\u0434\u0441\u0442\u0432, \u043f\u043e\u044d\u0442\u043e\u043c\u0443 \u043f\u0440\u0438\u0434\u0435\u0442\u0441\u044f \u0438\u0441\u043f\u043e\u043b\u044c\u0437\u043e\u0432\u0430\u0442\u044c \u0440\u0435\u0441\u0443\u0440\u0441\u044b, \u043a\u043e\u0442\u043e\u0440\u044b\u0435 \u0431\u044b\u043b\u0438 \u043f\u0440\u0435\u0434\u043d\u0430\u0437\u043d\u0430\u0447\u0435\u043d\u044b \u0434\u043b\u044f \u0447\u0435\u0433\u043e-\u0442\u043e \u0434\u0440\u0443\u0433\u043e\u0433\u043e. \u0410 \u0435\u0441\u043b\u0438 \u0443 \u0412\u0430\u0441 \u043f\u043e\u043a\u0430 \u043d\u0435\u0442 \u0442\u0430\u043a\u0438\u0445 \u0440\u0435\u0441\u0443\u0440\u0441\u043e\u0432? \u0410 \u0435\u0441\u043b\u0438 \u0443 \u0412\u0430\u0441 \u043d\u0435\u0442 \u0434\u043e\u0441\u0442\u0430\u0442\u043e\u0447\u043d\u043e\u0433\u043e \u043f\u0430\u0441\u0441\u0438\u0432\u043d\u043e\u0433\u043e \u0434\u043e\u0445\u043e\u0434\u0430 (\u0438\u043b\u0438 \u0431\u043e\u0433\u0430\u0442\u044b\u0445 \u0440\u043e\u0434\u0441\u0442\u0432\u0435\u043d\u043d\u0438\u043a\u043e\u0432), \u0442\u043e \u043c\u043e\u0436\u0435\u0442 \u043f\u0440\u0438\u0433\u043e\u0434\u0438\u0442\u044c\u0441\u044f \u0441\u0442\u0440\u0430\u0445\u043e\u0432\u0430\u044f \u0432\u044b\u043f\u043b\u0430\u0442\u0430.<\/p><p class=\"MsoNormal\"><strong>\u0418 \u044d\u0442\u043e \u043d\u0435 \u043e\u0431\u044f\u0437\u0430\u0442\u0435\u043b\u044c\u043d\u043e \u0434\u043e\u043b\u0436\u043d\u043e \u0431\u044b\u0442\u044c \u0434\u043e\u0440\u043e\u0433\u043e! \u0421\u043f\u0440\u043e\u0441\u0438\u0442\u0435 \u043d\u0430\u0441, \u043a\u0430\u043a \u043f\u043e\u043b\u0443\u0447\u0438\u0442\u044c \u0441\u0442\u0440\u0430\u0445\u043e\u0432\u043a\u0443.<\/strong><\/p>\t\t\t\t\t\t\t\t<\/div>\n\t\t\t\t<\/div>\n\t\t\t\t\t<\/div>\n\t\t<\/div>\n\t\t\t\t<div class=\"elementor-column elementor-col-50 elementor-inner-column elementor-element elementor-element-27d110ec\" data-id=\"27d110ec\" data-element_type=\"column\" data-e-type=\"column\">\n\t\t\t<div class=\"elementor-widget-wrap elementor-element-populated\">\n\t\t\t\t\t\t<div class=\"elementor-element elementor-element-13cc26b7 elementor-widget elementor-widget-image\" data-id=\"13cc26b7\" data-element_type=\"widget\" data-e-type=\"widget\" data-widget_type=\"image.default\">\n\t\t\t\t<div class=\"elementor-widget-container\">\n\t\t\t\t\t\t\t\t\t\t\t\t\t\t\t<img decoding=\"async\" width=\"800\" height=\"534\" src=\"https:\/\/fintalk.cz\/wp-content\/uploads\/2019\/12\/laptop-3196481_1920-1024x683.jpg\" class=\"attachment-large size-large wp-image-5358\" alt=\"\" srcset=\"https:\/\/fintalk.cz\/wp-content\/uploads\/2019\/12\/laptop-3196481_1920-1024x683.jpg 1024w, https:\/\/fintalk.cz\/wp-content\/uploads\/2019\/12\/laptop-3196481_1920-300x200.jpg 300w, https:\/\/fintalk.cz\/wp-content\/uploads\/2019\/12\/laptop-3196481_1920-768x512.jpg 768w, https:\/\/fintalk.cz\/wp-content\/uploads\/2019\/12\/laptop-3196481_1920-1536x1024.jpg 1536w, https:\/\/fintalk.cz\/wp-content\/uploads\/2019\/12\/laptop-3196481_1920.jpg 1920w\" sizes=\"(max-width: 800px) 100vw, 800px\" \/>\t\t\t\t\t\t\t\t\t\t\t\t\t\t\t<\/div>\n\t\t\t\t<\/div>\n\t\t\t\t\t<\/div>\n\t\t<\/div>\n\t\t\t\t\t<\/div>\n\t\t<\/section>\n\t\t\t\t\t<\/div>\n\t\t<\/div>\n\t\t\t\t\t<\/div>\n\t\t<\/section>\n\t\t\t\t<section class=\"elementor-section elementor-top-section elementor-element elementor-element-d9d52e8 elementor-section-boxed elementor-section-height-default elementor-section-height-default\" data-id=\"d9d52e8\" data-element_type=\"section\" data-e-type=\"section\" data-settings=\"{&quot;background_background&quot;:&quot;classic&quot;}\">\n\t\t\t\t\t\t<div class=\"elementor-container elementor-column-gap-default\">\n\t\t\t\t\t<div class=\"elementor-column elementor-col-100 elementor-top-column elementor-element elementor-element-4140773a\" data-id=\"4140773a\" data-element_type=\"column\" data-e-type=\"column\">\n\t\t\t<div class=\"elementor-widget-wrap elementor-element-populated\">\n\t\t\t\t\t\t<div class=\"elementor-element elementor-element-390f7389 elementor-widget elementor-widget-template\" data-id=\"390f7389\" data-element_type=\"widget\" data-e-type=\"widget\" data-widget_type=\"template.default\">\n\t\t\t\t<div class=\"elementor-widget-container\">\n\t\t\t\t\t\t\t<div class=\"elementor-template\">\n\t\t\t\t\t<div data-elementor-type=\"section\" data-elementor-id=\"282\" class=\"elementor elementor-282\" data-elementor-post-type=\"elementor_library\">\n\t\t\t\t\t<section class=\"elementor-section elementor-top-section elementor-element elementor-element-5558a1f elementor-section-boxed elementor-section-height-default elementor-section-height-default\" data-id=\"5558a1f\" data-element_type=\"section\" data-e-type=\"section\" data-settings=\"{&quot;background_background&quot;:&quot;classic&quot;}\">\n\t\t\t\t\t\t<div class=\"elementor-container elementor-column-gap-default\">\n\t\t\t\t\t<div class=\"elementor-column elementor-col-100 elementor-top-column elementor-element elementor-element-ac264fd\" data-id=\"ac264fd\" data-element_type=\"column\" data-e-type=\"column\" data-settings=\"{&quot;background_background&quot;:&quot;classic&quot;}\">\n\t\t\t<div class=\"elementor-widget-wrap elementor-element-populated\">\n\t\t\t\t\t\t<div class=\"elementor-element elementor-element-7ba26b0 elementor-widget elementor-widget-heading\" data-id=\"7ba26b0\" data-element_type=\"widget\" data-e-type=\"widget\" data-widget_type=\"heading.default\">\n\t\t\t\t<div class=\"elementor-widget-container\">\n\t\t\t\t\t<h2 class=\"elementor-heading-title elementor-size-default\">Pot\u0159ebujete pomoci?<\/h2>\t\t\t\t<\/div>\n\t\t\t\t<\/div>\n\t\t\t\t<div class=\"elementor-element elementor-element-e417006 elementor-widget elementor-widget-text-editor\" data-id=\"e417006\" data-element_type=\"widget\" data-e-type=\"widget\" data-widget_type=\"text-editor.default\">\n\t\t\t\t<div class=\"elementor-widget-container\">\n\t\t\t\t\t\t\t\t\t<p>Nev\u00e1hejte se na n\u00e1s obr\u00e1tit s dotazem \u010di prosbou o nez\u00e1vaznou konzultaci.<\/p>\t\t\t\t\t\t\t\t<\/div>\n\t\t\t\t<\/div>\n\t\t\t\t<div class=\"elementor-element elementor-element-97a6521 elementor-align-center elementor-widget elementor-widget-button\" data-id=\"97a6521\" data-element_type=\"widget\" data-e-type=\"widget\" data-widget_type=\"button.default\">\n\t\t\t\t<div class=\"elementor-widget-container\">\n\t\t\t\t\t\t\t\t\t<div class=\"elementor-button-wrapper\">\n\t\t\t\t\t<a class=\"elementor-button elementor-button-link elementor-size-md\" href=\"\/kontakt\/\">\n\t\t\t\t\t\t<span class=\"elementor-button-content-wrapper\">\n\t\t\t\t\t\t<span class=\"elementor-button-icon\">\n\t\t\t\t<i aria-hidden=\"true\" class=\"fas fa-long-arrow-alt-right\"><\/i>\t\t\t<\/span>\n\t\t\t\t\t\t\t\t\t<span class=\"elementor-button-text\">Kontakt<\/span>\n\t\t\t\t\t<\/span>\n\t\t\t\t\t<\/a>\n\t\t\t\t<\/div>\n\t\t\t\t\t\t\t\t<\/div>\n\t\t\t\t<\/div>\n\t\t\t\t\t<\/div>\n\t\t<\/div>\n\t\t\t\t\t<\/div>\n\t\t<\/section>\n\t\t\t\t<\/div>\n\t\t\t\t<\/div>\n\t\t\t\t\t\t<\/div>\n\t\t\t\t<\/div>\n\t\t\t\t\t<\/div>\n\t\t<\/div>\n\t\t\t\t\t<\/div>\n\t\t<\/section>\n\t\t\t\t<\/div>\n\t\t","protected":false},"excerpt":{"rendered":"<p>\u041c\u044b \u043c\u043e\u0436\u0435\u043c \u043f\u043e\u043c\u043e\u0447\u044c \u0438 \u0432\u0430\u043c \u0421\u0442\u0440\u0430\u0445\u043e\u0432\u0430\u043d\u0438\u0435 \u0421\u0442\u0440\u0430\u0445\u043e\u0432\u0430\u043d\u0438\u0435 \u0436\u0438\u0437\u043d\u0438 \u041a\u043e\u043d\u0435\u0447\u043d\u043e, \u043c\u044b \u0436\u0435\u043b\u0430\u0435\u043c, \u0447\u0442\u043e\u0431\u044b \u0412\u044b \u0438\u0437\u0431\u0435\u0436\u0430\u043b\u0438 \u0432\u0441\u0435\u0433\u043e \u043f\u043b\u043e\u0445\u043e\u0433\u043e. \u041d\u043e \u044d\u0442\u043e \u043d\u0435 \u0432\u0441\u0435\u0433\u0434\u0430 \u043f\u043e\u043b\u0443\u0447\u0430\u0435\u0442\u0441\u044f, \u0438 \u0431\u0435\u0437 \u0445\u043e\u0440\u043e\u0448\u0435\u0439 \u0441\u0442\u0440\u0430\u0445\u043e\u0432\u043a\u0438 \u0434\u0430\u0436\u0435 \u0441\u0430\u043c\u044b\u0439 \u043b\u0443\u0447\u0448\u0438\u0439 \u0444\u0438\u043d\u0430\u043d\u0441\u043e\u0432\u044b\u0439 \u043f\u043b\u0430\u043d \u043c\u043e\u0436\u0435\u0442 \u0440\u0430\u0441\u0441\u044b\u043f\u0430\u0442\u044c\u0441\u044f \u043a\u0430\u043a \u043a\u0430\u0440\u0442\u043e\u0447\u043d\u044b\u0439 \u0434\u043e\u043c\u0438\u043a. \u0412\u044b \u0443\u0436\u0435 \u0437\u0430\u0441\u0442\u0440\u0430\u0445\u043e\u0432\u0430\u043b\u0438 \u0412\u0430\u0448 \u0434\u043e\u043c, \u0442\u0435\u043b\u0435\u0432\u0438\u0437\u043e\u0440 \u0438 \u0430\u0432\u0442\u043e\u043c\u043e\u0431\u0438\u043b\u044c? \u0410 \u0432\u0441\u0435 \u043b\u0438 \u0443 \u0412\u0430\u0441 \u0437\u0430\u0441\u0442\u0440\u0430\u0445\u043e\u0432\u0430\u043d\u043e \u043d\u0430 \u0434\u043e\u0441\u0442\u0430\u0442\u043e\u0447\u043d\u0443\u044e \u0441\u0443\u043c\u043c\u0443? \u0410 \u043a\u0430\u043a\u043e\u0432\u0430 \u0446\u0435\u043d\u043d\u043e\u0441\u0442\u044c [&hellip;]<\/p>\n","protected":false},"author":6,"featured_media":0,"parent":0,"menu_order":0,"comment_status":"closed","ping_status":"closed","template":"","meta":{"footnotes":""},"class_list":["post-5499","page","type-page","status-publish","hentry"],"aioseo_notices":[],"_links":{"self":[{"href":"https:\/\/fintalk.cz\/ru\/wp-json\/wp\/v2\/pages\/5499","targetHints":{"allow":["GET"]}}],"collection":[{"href":"https:\/\/fintalk.cz\/ru\/wp-json\/wp\/v2\/pages"}],"about":[{"href":"https:\/\/fintalk.cz\/ru\/wp-json\/wp\/v2\/types\/page"}],"author":[{"embeddable":true,"href":"https:\/\/fintalk.cz\/ru\/wp-json\/wp\/v2\/users\/6"}],"replies":[{"embeddable":true,"href":"https:\/\/fintalk.cz\/ru\/wp-json\/wp\/v2\/comments?post=5499"}],"version-history":[{"count":4,"href":"https:\/\/fintalk.cz\/ru\/wp-json\/wp\/v2\/pages\/5499\/revisions"}],"predecessor-version":[{"id":5503,"href":"https:\/\/fintalk.cz\/ru\/wp-json\/wp\/v2\/pages\/5499\/revisions\/5503"}],"wp:attachment":[{"href":"https:\/\/fintalk.cz\/ru\/wp-json\/wp\/v2\/media?parent=5499"}],"curies":[{"name":"wp","href":"https:\/\/api.w.org\/{rel}","templated":true}]}}