{"id":5509,"date":"2023-10-19T09:38:30","date_gmt":"2023-10-19T07:38:30","guid":{"rendered":"https:\/\/fintalk.cz\/?page_id=5509"},"modified":"2023-10-19T09:42:27","modified_gmt":"2023-10-19T07:42:27","slug":"%d0%bf%d0%b5%d0%bd%d1%81%d0%b8","status":"publish","type":"page","link":"https:\/\/fintalk.cz\/ru\/%d0%bf%d0%b5%d0%bd%d1%81%d0%b8\/","title":{"rendered":"\u041f\u0435\u043d\u0441\u0438\u044f"},"content":{"rendered":"\t\t<div data-elementor-type=\"wp-page\" data-elementor-id=\"5509\" class=\"elementor elementor-5509 elementor-342\" data-elementor-post-type=\"page\">\n\t\t\t\t\t\t<section class=\"elementor-section elementor-top-section elementor-element elementor-element-222e023c elementor-section-height-min-height elementor-section-boxed elementor-section-height-default elementor-section-items-middle\" data-id=\"222e023c\" data-element_type=\"section\" data-e-type=\"section\" data-settings=\"{&quot;background_background&quot;:&quot;classic&quot;}\">\n\t\t\t\t\t\t<div class=\"elementor-container elementor-column-gap-default\">\n\t\t\t\t\t<div class=\"elementor-column elementor-col-100 elementor-top-column elementor-element elementor-element-7686c6eb\" data-id=\"7686c6eb\" data-element_type=\"column\" data-e-type=\"column\">\n\t\t\t<div class=\"elementor-widget-wrap elementor-element-populated\">\n\t\t\t\t\t\t<div class=\"elementor-element elementor-element-5ee637f1 elementor-widget elementor-widget-text-editor\" data-id=\"5ee637f1\" data-element_type=\"widget\" data-e-type=\"widget\" data-widget_type=\"text-editor.default\">\n\t\t\t\t<div class=\"elementor-widget-container\">\n\t\t\t\t\t\t\t\t\t<p>\u041c\u044b \u043c\u043e\u0436\u0435\u043c \u043f\u043e\u043c\u043e\u0447\u044c \u0438 \u0432\u0430\u043c<\/p>\t\t\t\t\t\t\t\t<\/div>\n\t\t\t\t<\/div>\n\t\t\t\t<div class=\"elementor-element elementor-element-2de08f15 elementor-widget elementor-widget-heading\" data-id=\"2de08f15\" data-element_type=\"widget\" data-e-type=\"widget\" data-widget_type=\"heading.default\">\n\t\t\t\t<div class=\"elementor-widget-container\">\n\t\t\t\t\t<h1 class=\"elementor-heading-title elementor-size-default\">\u041f\u0435\u043d\u0441\u0438\u044f<\/h1>\t\t\t\t<\/div>\n\t\t\t\t<\/div>\n\t\t\t\t\t<\/div>\n\t\t<\/div>\n\t\t\t\t\t<\/div>\n\t\t<\/section>\n\t\t\t\t<section class=\"elementor-section elementor-inner-section elementor-element elementor-element-20d85e47 elementor-section-boxed elementor-section-height-default elementor-section-height-default\" data-id=\"20d85e47\" data-element_type=\"section\" data-e-type=\"section\">\n\t\t\t\t\t\t<div class=\"elementor-container elementor-column-gap-default\">\n\t\t\t\t\t<div class=\"elementor-column elementor-col-50 elementor-inner-column elementor-element elementor-element-7483569f\" data-id=\"7483569f\" data-element_type=\"column\" data-e-type=\"column\">\n\t\t\t<div class=\"elementor-widget-wrap elementor-element-populated\">\n\t\t\t\t\t\t<div class=\"elementor-element elementor-element-52be18ae elementor-widget elementor-widget-image\" data-id=\"52be18ae\" data-element_type=\"widget\" data-e-type=\"widget\" data-widget_type=\"image.default\">\n\t\t\t\t<div class=\"elementor-widget-container\">\n\t\t\t\t\t\t\t\t\t\t\t\t\t\t\t<img fetchpriority=\"high\" decoding=\"async\" width=\"800\" height=\"534\" src=\"https:\/\/fintalk.cz\/wp-content\/uploads\/2019\/12\/penze-1024x683.jpg\" class=\"attachment-large size-large wp-image-5366\" alt=\"\" srcset=\"https:\/\/fintalk.cz\/wp-content\/uploads\/2019\/12\/penze-1024x683.jpg 1024w, https:\/\/fintalk.cz\/wp-content\/uploads\/2019\/12\/penze-300x200.jpg 300w, https:\/\/fintalk.cz\/wp-content\/uploads\/2019\/12\/penze-768x512.jpg 768w, https:\/\/fintalk.cz\/wp-content\/uploads\/2019\/12\/penze-1536x1024.jpg 1536w, https:\/\/fintalk.cz\/wp-content\/uploads\/2019\/12\/penze.jpg 1920w\" sizes=\"(max-width: 800px) 100vw, 800px\" \/>\t\t\t\t\t\t\t\t\t\t\t\t\t\t\t<\/div>\n\t\t\t\t<\/div>\n\t\t\t\t\t<\/div>\n\t\t<\/div>\n\t\t\t\t<div class=\"elementor-column elementor-col-50 elementor-inner-column elementor-element elementor-element-c8f9443\" data-id=\"c8f9443\" data-element_type=\"column\" data-e-type=\"column\">\n\t\t\t<div class=\"elementor-widget-wrap elementor-element-populated\">\n\t\t\t\t\t\t<div class=\"elementor-element elementor-element-28b7fb03 elementor-widget elementor-widget-text-editor\" data-id=\"28b7fb03\" data-element_type=\"widget\" data-e-type=\"widget\" data-widget_type=\"text-editor.default\">\n\t\t\t\t<div class=\"elementor-widget-container\">\n\t\t\t\t\t\t\t\t\t<p>\u041f\u043e\u0434\u0433\u043e\u0442\u043e\u0432\u043a\u0430 \u0444\u0438\u043d\u0430\u043d\u0441\u043e\u0432\u044b\u0445 \u0441\u0440\u0435\u0434\u0441\u0442\u0432 \u0432 \u0441\u0442\u0430\u0440\u043e\u0441\u0442\u0438 &#8212; \u044d\u0442\u043e \u0433\u043b\u0430\u0432\u043d\u0430\u044f \u0438\u0437 \u0432\u0430\u0436\u043d\u0435\u0439\u0448\u0438\u0445 \u0437\u0430\u0434\u0430\u0447, \u043f\u043e\u0437\u0432\u043e\u043b\u044f\u044e\u0449\u0430\u044f \u0436\u0438\u0442\u044c \u0441 \u043e\u0449\u0443\u0449\u0435\u043d\u0438\u0435\u043c, \u0447\u0442\u043e \u0432 \u0441\u0442\u0430\u0440\u043e\u0441\u0442\u0438 \u0432\u044b \u043d\u0435 \u0431\u0443\u0434\u0435\u0442\u0435 \u043d\u0438 \u043e\u0442 \u043a\u043e\u0433\u043e \u0444\u0438\u043d\u0430\u043d\u0441\u043e\u0432\u043e \u0437\u0430\u0432\u0438\u0441\u0435\u0442\u044c \u0438 \u0441\u043c\u043e\u0436\u0435\u0442\u0435 \u0432 \u043f\u043e\u043b\u043d\u043e\u0439 \u043c\u0435\u0440\u0435 \u043f\u0440\u043e\u0434\u043e\u043b\u0436\u0430\u0442\u044c \u043d\u0430\u0441\u043b\u0430\u0436\u0434\u0430\u0442\u044c\u0441\u044f \u0436\u0438\u0437\u043d\u044c\u044e. \u041c\u044b \u043f\u043e\u043c\u043e\u0436\u0435\u043c \u0432\u0430\u043c \u0432\u0441\u0435 \u0437\u0430\u043f\u043b\u0430\u043d\u0438\u0440\u043e\u0432\u0430\u0442\u044c! \u0421\u043e\u0437\u0434\u0430\u043d\u0438\u0435 \u0440\u0435\u0441\u0443\u0440\u0441\u043e\u0432 \u0434\u043b\u044f \u043f\u0435\u0440\u0438\u043e\u0434\u0430, \u043a\u043e\u0433\u0434\u0430 \u0412\u044b \u0432\u044b\u0439\u0434\u0435\u0442\u0435 \u043d\u0430 \u043f\u0435\u043d\u0441\u0438\u044e, \u0440\u0430\u0437\u0443\u043c\u0435\u0435\u0442\u0441\u044f, \u0442\u0430\u043a\u0436\u0435 \u044f\u0432\u043b\u044f\u0435\u0442\u0441\u044f \u0447\u0430\u0441\u0442\u044c\u044e \u041a\u043e\u043c\u043f\u043b\u0435\u043a\u0441\u043d\u043e\u0433\u043e \u0444\u0438\u043d\u0430\u043d\u0441\u043e\u0432\u043e\u0433\u043e \u043f\u043b\u0430\u043d\u0430. \u0421\u043f\u0440\u043e\u0441\u0438\u0442\u0435 \u043d\u0430\u0441, \u043a\u0430\u043a \u043b\u0443\u0447\u0448\u0435 \u043d\u0430\u043a\u043e\u043f\u0438\u0442\u044c \u043d\u0430 \u043f\u0435\u043d\u0441\u0438\u044e \u0438 \u043d\u0430 \u0441\u0430\u043c\u043e \u0431\u0443\u0434\u0443\u0449\u0435\u0435!<\/p><p><strong>\u0417\u043d\u0430\u0435\u0442\u0435 \u043b\u0438 \u0412\u044b, \u043a\u0430\u043a \u043c\u043e\u0436\u043d\u043e \u0438\u0441\u043f\u043e\u043b\u044c\u0437\u043e\u0432\u0430\u0442\u044c \u0432\u043e\u0437\u043c\u043e\u0436\u043d\u043e\u0441\u0442\u0438 \u043f\u043e\u043b\u0443\u0447\u0435\u043d\u0438\u044f \u0434\u043e\u0442\u0430\u0446\u0438\u0439 \u043e\u0442 \u0433\u043e\u0441\u0443\u0434\u0430\u0440\u0441\u0442\u0432\u0430 \u0438 \u0440\u0430\u0431\u043e\u0442\u043e\u0434\u0430\u0442\u0435\u043b\u044f \u0438 \u0441\u043d\u0438\u0437\u0438\u0442\u044c \u043d\u0430\u043b\u043e\u0433\u043e\u0432\u0443\u044e \u0431\u0430\u0437\u0443?<\/strong><\/p>\t\t\t\t\t\t\t\t<\/div>\n\t\t\t\t<\/div>\n\t\t\t\t\t<\/div>\n\t\t<\/div>\n\t\t\t\t\t<\/div>\n\t\t<\/section>\n\t\t\t\t<section class=\"elementor-section elementor-top-section elementor-element elementor-element-16b1e376 elementor-section-boxed elementor-section-height-default elementor-section-height-default\" data-id=\"16b1e376\" data-element_type=\"section\" data-e-type=\"section\">\n\t\t\t\t\t\t<div class=\"elementor-container elementor-column-gap-default\">\n\t\t\t\t\t<div class=\"elementor-column elementor-col-100 elementor-top-column elementor-element elementor-element-7c3d1c2c\" data-id=\"7c3d1c2c\" data-element_type=\"column\" data-e-type=\"column\">\n\t\t\t<div class=\"elementor-widget-wrap elementor-element-populated\">\n\t\t\t\t\t\t<section class=\"elementor-section elementor-inner-section elementor-element elementor-element-66c5fc53 elementor-section-boxed elementor-section-height-default elementor-section-height-default\" data-id=\"66c5fc53\" data-element_type=\"section\" data-e-type=\"section\">\n\t\t\t\t\t\t<div class=\"elementor-container elementor-column-gap-default\">\n\t\t\t\t\t<div class=\"elementor-column elementor-col-50 elementor-inner-column elementor-element elementor-element-56bf296d\" data-id=\"56bf296d\" data-element_type=\"column\" data-e-type=\"column\">\n\t\t\t<div class=\"elementor-widget-wrap elementor-element-populated\">\n\t\t\t\t\t\t<div class=\"elementor-element elementor-element-1f93da5f elementor-widget elementor-widget-text-editor\" data-id=\"1f93da5f\" data-element_type=\"widget\" data-e-type=\"widget\" data-widget_type=\"text-editor.default\">\n\t\t\t\t<div class=\"elementor-widget-container\">\n\t\t\t\t\t\t\t\t\t<p>\u041d\u0430\u0432\u0435\u0440\u043d\u043e\u0435, \u0432\u0441\u0435 \u0441\u043b\u044b\u0448\u0430\u043b\u0438 \u043e \u0442\u0430\u043a\u0438\u0445 \u043f\u0440\u043e\u0434\u0443\u043a\u0442\u0430\u0445, \u043a\u0430\u043a \u043f\u0435\u043d\u0441\u0438\u043e\u043d\u043d\u043e\u0435 \u0441\u0442\u0440\u0430\u0445\u043e\u0432\u0430\u043d\u0438\u0435 \u0438\u043b\u0438 \u0434\u043e\u043f\u043e\u043b\u043d\u0438\u0442\u0435\u043b\u044c\u043d\u044b\u0435 \u043f\u0435\u043d\u0441\u0438\u043e\u043d\u043d\u044b\u0435 \u043d\u0430\u043a\u043e\u043f\u043b\u0435\u043d\u0438\u044f. \u041f\u0440\u0435\u0438\u043c\u0443\u0449\u0435\u0441\u0442\u0432\u0430\u043c\u0438 \u044d\u0442\u0438\u0445 \u043f\u0440\u043e\u0434\u0443\u043a\u0442\u043e\u0432 \u043f\u043e\u043b\u044c\u0437\u0443\u0435\u0442\u0441\u044f \u0431\u043e\u043b\u044c\u0448\u0438\u043d\u0441\u0442\u0432\u043e \u044d\u043a\u043e\u043d\u043e\u043c\u0438\u0447\u0435\u0441\u043a\u0438 \u0430\u043a\u0442\u0438\u0432\u043d\u043e\u0433\u043e \u043d\u0430\u0441\u0435\u043b\u0435\u043d\u0438\u044f \u043d\u0430\u0448\u0435\u0439 \u0441\u0442\u0440\u0430\u043d\u044b. \u041d\u043e \u0437\u043d\u0430\u0435\u0442\u0435 \u043b\u0438 \u0412\u044b, \u043a\u0430\u043a \u0438\u043c\u0435\u043d\u043d\u043e \u0440\u0430\u0431\u043e\u0442\u0430\u044e\u0442 \u044d\u0442\u0438 \u043f\u0440\u043e\u0434\u0443\u043a\u0442\u044b? \u0412\u044b \u043e\u043f\u0442\u0438\u043c\u0430\u043b\u044c\u043d\u043e \u0438\u0441\u043f\u043e\u043b\u044c\u0437\u0443\u0435\u0442\u0435 \u0432\u0441\u0435 \u0438\u0445 \u043f\u0440\u0435\u0438\u043c\u0443\u0449\u0435\u0441\u0442\u0432\u0430? \u0412\u0430\u0448 \u0440\u0430\u0431\u043e\u0442\u043e\u0434\u0430\u0442\u0435\u043b\u044c \u043f\u043b\u0430\u0442\u0438\u0442 \u0432\u0437\u043d\u043e\u0441\u044b \u0432 \u043f\u0435\u043d\u0441\u0438\u043e\u043d\u043d\u044b\u0435 \u043f\u043b\u0430\u043d\u044b \u0441\u0432\u043e\u0438\u0445 \u0441\u043e\u0442\u0440\u0443\u0434\u043d\u0438\u043a\u043e\u0432? \u041c\u044b \u043c\u043e\u0436\u0435\u043c \u043f\u043e\u043c\u043e\u0447\u044c \u0412\u0430\u043c \u0441\u043e \u0432\u0441\u0435\u043c \u044d\u0442\u0438\u043c. \u041a\u0430\u043a \u0432 \u0440\u0430\u043c\u043a\u0430\u0445 \u0443\u0441\u043b\u0443\u0433 \u0434\u043b\u044f \u0440\u0430\u0431\u043e\u0442\u043e\u0434\u0430\u0442\u0435\u043b\u0435\u0439, \u0432 \u043a\u0430\u0447\u0435\u0441\u0442\u0432\u0435 \u0438\u0445 \u043f\u0430\u0440\u0442\u043d\u0435\u0440\u0430 \u0432 \u043e\u0431\u043b\u0430\u0441\u0442\u0438 \u0444\u0438\u043d\u0430\u043d\u0441\u043e\u0432\u044b\u0445 \u043a\u043e\u0440\u043f\u043e\u0440\u0430\u0442\u0438\u0432\u043d\u044b\u0445 \u0431\u043e\u043d\u0443\u0441\u043e\u0432, \u0442\u0430\u043a \u0438 \u0438\u043d\u0434\u0438\u0432\u0438\u0434\u0443\u0430\u043b\u044c\u043d\u043e, \u0432 \u0440\u0430\u043c\u043a\u0430\u0445 \u043f\u0440\u0435\u0434\u043e\u0441\u0442\u0430\u0432\u043b\u0435\u043d\u0438\u044f \u043a\u043e\u043c\u043f\u043b\u0435\u043a\u0441\u043d\u044b\u0445 \u0443\u0441\u043b\u0443\u0433 \u0434\u043b\u044f \u043d\u0430\u0441, \u043d\u0430\u0448\u0438\u0445 \u043a\u043b\u0438\u0435\u043d\u0442\u043e\u0432.<\/p><p><strong>\u0412\u0430\u0448 \u0440\u0430\u0431\u043e\u0442\u043e\u0434\u0430\u0442\u0435\u043b\u044c \u0435\u0449\u0435 \u043d\u0435 \u043f\u043b\u0430\u0442\u0438\u0442 \u0432\u0437\u043d\u043e\u0441\u044b \u0432 \u043f\u0435\u043d\u0441\u0438\u043e\u043d\u043d\u044b\u0435 \u043d\u0430\u043a\u043e\u043f\u043b\u0435\u043d\u0438\u044f? \u0421\u0432\u044f\u0436\u0438\u0442\u0435\u0441\u044c \u0441 \u043d\u0430\u043c\u0438. \u041c\u044b \u0431\u0443\u0434\u0435\u043c \u0440\u0430\u0434\u044b \u043f\u043e\u0437\u043d\u0430\u043a\u043e\u043c\u0438\u0442\u044c \u0435\u0433\u043e \u0441\u043e \u0432\u0441\u0435\u043c\u0438 \u043f\u0440\u0435\u0438\u043c\u0443\u0449\u0435\u0441\u0442\u0432\u0430\u043c\u0438, \u043a\u043e\u0442\u043e\u0440\u044b\u0435 \u043e\u043d \u043c\u043e\u0436\u0435\u0442 \u043f\u043e\u043b\u0443\u0447\u0438\u0442\u044c, \u0432\u0432\u0435\u0434\u044f \u044d\u0442\u043e\u0442 \u0431\u043e\u043d\u0443\u0441.<\/strong><\/p>\t\t\t\t\t\t\t\t<\/div>\n\t\t\t\t<\/div>\n\t\t\t\t\t<\/div>\n\t\t<\/div>\n\t\t\t\t<div class=\"elementor-column elementor-col-50 elementor-inner-column elementor-element elementor-element-2c73bcf7\" data-id=\"2c73bcf7\" data-element_type=\"column\" data-e-type=\"column\">\n\t\t\t<div class=\"elementor-widget-wrap elementor-element-populated\">\n\t\t\t\t\t\t<div class=\"elementor-element elementor-element-3e00bc91 elementor-widget elementor-widget-image\" data-id=\"3e00bc91\" data-element_type=\"widget\" data-e-type=\"widget\" data-widget_type=\"image.default\">\n\t\t\t\t<div class=\"elementor-widget-container\">\n\t\t\t\t\t\t\t\t\t\t\t\t\t\t\t<img decoding=\"async\" width=\"800\" height=\"534\" src=\"https:\/\/fintalk.cz\/wp-content\/uploads\/2019\/12\/pojis\u030cte\u030cni\u0301-1024x683.jpg\" class=\"attachment-large size-large wp-image-5371\" alt=\"\" srcset=\"https:\/\/fintalk.cz\/wp-content\/uploads\/2019\/12\/pojis\u030cte\u030cni\u0301-1024x683.jpg 1024w, https:\/\/fintalk.cz\/wp-content\/uploads\/2019\/12\/pojis\u030cte\u030cni\u0301-300x200.jpg 300w, https:\/\/fintalk.cz\/wp-content\/uploads\/2019\/12\/pojis\u030cte\u030cni\u0301-768x512.jpg 768w, https:\/\/fintalk.cz\/wp-content\/uploads\/2019\/12\/pojis\u030cte\u030cni\u0301-1536x1024.jpg 1536w, https:\/\/fintalk.cz\/wp-content\/uploads\/2019\/12\/pojis\u030cte\u030cni\u0301.jpg 1920w\" sizes=\"(max-width: 800px) 100vw, 800px\" \/>\t\t\t\t\t\t\t\t\t\t\t\t\t\t\t<\/div>\n\t\t\t\t<\/div>\n\t\t\t\t\t<\/div>\n\t\t<\/div>\n\t\t\t\t\t<\/div>\n\t\t<\/section>\n\t\t\t\t\t<\/div>\n\t\t<\/div>\n\t\t\t\t\t<\/div>\n\t\t<\/section>\n\t\t\t\t<section class=\"elementor-section elementor-top-section elementor-element elementor-element-1043394e elementor-section-boxed elementor-section-height-default elementor-section-height-default\" data-id=\"1043394e\" data-element_type=\"section\" data-e-type=\"section\" data-settings=\"{&quot;background_background&quot;:&quot;classic&quot;}\">\n\t\t\t\t\t\t<div class=\"elementor-container elementor-column-gap-default\">\n\t\t\t\t\t<div class=\"elementor-column elementor-col-100 elementor-top-column elementor-element elementor-element-d3838c3\" data-id=\"d3838c3\" data-element_type=\"column\" data-e-type=\"column\">\n\t\t\t<div class=\"elementor-widget-wrap elementor-element-populated\">\n\t\t\t\t\t\t<div class=\"elementor-element elementor-element-1512ff49 elementor-widget elementor-widget-template\" data-id=\"1512ff49\" data-element_type=\"widget\" data-e-type=\"widget\" data-widget_type=\"template.default\">\n\t\t\t\t<div class=\"elementor-widget-container\">\n\t\t\t\t\t\t\t<div class=\"elementor-template\">\n\t\t\t\t\t<div data-elementor-type=\"section\" data-elementor-id=\"282\" class=\"elementor elementor-282\" data-elementor-post-type=\"elementor_library\">\n\t\t\t\t\t<section class=\"elementor-section elementor-top-section elementor-element elementor-element-5558a1f elementor-section-boxed elementor-section-height-default elementor-section-height-default\" data-id=\"5558a1f\" data-element_type=\"section\" data-e-type=\"section\" data-settings=\"{&quot;background_background&quot;:&quot;classic&quot;}\">\n\t\t\t\t\t\t<div class=\"elementor-container elementor-column-gap-default\">\n\t\t\t\t\t<div class=\"elementor-column elementor-col-100 elementor-top-column elementor-element elementor-element-ac264fd\" data-id=\"ac264fd\" data-element_type=\"column\" data-e-type=\"column\" data-settings=\"{&quot;background_background&quot;:&quot;classic&quot;}\">\n\t\t\t<div class=\"elementor-widget-wrap elementor-element-populated\">\n\t\t\t\t\t\t<div class=\"elementor-element elementor-element-7ba26b0 elementor-widget elementor-widget-heading\" data-id=\"7ba26b0\" data-element_type=\"widget\" data-e-type=\"widget\" data-widget_type=\"heading.default\">\n\t\t\t\t<div class=\"elementor-widget-container\">\n\t\t\t\t\t<h2 class=\"elementor-heading-title elementor-size-default\">Pot\u0159ebujete pomoci?<\/h2>\t\t\t\t<\/div>\n\t\t\t\t<\/div>\n\t\t\t\t<div class=\"elementor-element elementor-element-e417006 elementor-widget elementor-widget-text-editor\" data-id=\"e417006\" data-element_type=\"widget\" data-e-type=\"widget\" data-widget_type=\"text-editor.default\">\n\t\t\t\t<div class=\"elementor-widget-container\">\n\t\t\t\t\t\t\t\t\t<p>Nev\u00e1hejte se na n\u00e1s obr\u00e1tit s dotazem \u010di prosbou o nez\u00e1vaznou konzultaci.<\/p>\t\t\t\t\t\t\t\t<\/div>\n\t\t\t\t<\/div>\n\t\t\t\t<div class=\"elementor-element elementor-element-97a6521 elementor-align-center elementor-widget elementor-widget-button\" data-id=\"97a6521\" data-element_type=\"widget\" data-e-type=\"widget\" data-widget_type=\"button.default\">\n\t\t\t\t<div class=\"elementor-widget-container\">\n\t\t\t\t\t\t\t\t\t<div class=\"elementor-button-wrapper\">\n\t\t\t\t\t<a class=\"elementor-button elementor-button-link elementor-size-md\" href=\"\/kontakt\/\">\n\t\t\t\t\t\t<span class=\"elementor-button-content-wrapper\">\n\t\t\t\t\t\t<span class=\"elementor-button-icon\">\n\t\t\t\t<i aria-hidden=\"true\" class=\"fas fa-long-arrow-alt-right\"><\/i>\t\t\t<\/span>\n\t\t\t\t\t\t\t\t\t<span class=\"elementor-button-text\">Kontakt<\/span>\n\t\t\t\t\t<\/span>\n\t\t\t\t\t<\/a>\n\t\t\t\t<\/div>\n\t\t\t\t\t\t\t\t<\/div>\n\t\t\t\t<\/div>\n\t\t\t\t\t<\/div>\n\t\t<\/div>\n\t\t\t\t\t<\/div>\n\t\t<\/section>\n\t\t\t\t<\/div>\n\t\t\t\t<\/div>\n\t\t\t\t\t\t<\/div>\n\t\t\t\t<\/div>\n\t\t\t\t\t<\/div>\n\t\t<\/div>\n\t\t\t\t\t<\/div>\n\t\t<\/section>\n\t\t\t\t<\/div>\n\t\t","protected":false},"excerpt":{"rendered":"<p>\u041c\u044b \u043c\u043e\u0436\u0435\u043c \u043f\u043e\u043c\u043e\u0447\u044c \u0438 \u0432\u0430\u043c \u041f\u0435\u043d\u0441\u0438\u044f \u041f\u043e\u0434\u0433\u043e\u0442\u043e\u0432\u043a\u0430 \u0444\u0438\u043d\u0430\u043d\u0441\u043e\u0432\u044b\u0445 \u0441\u0440\u0435\u0434\u0441\u0442\u0432 \u0432 \u0441\u0442\u0430\u0440\u043e\u0441\u0442\u0438 &#8212; \u044d\u0442\u043e \u0433\u043b\u0430\u0432\u043d\u0430\u044f \u0438\u0437 \u0432\u0430\u0436\u043d\u0435\u0439\u0448\u0438\u0445 \u0437\u0430\u0434\u0430\u0447, \u043f\u043e\u0437\u0432\u043e\u043b\u044f\u044e\u0449\u0430\u044f \u0436\u0438\u0442\u044c \u0441 \u043e\u0449\u0443\u0449\u0435\u043d\u0438\u0435\u043c, \u0447\u0442\u043e \u0432 \u0441\u0442\u0430\u0440\u043e\u0441\u0442\u0438 \u0432\u044b \u043d\u0435 \u0431\u0443\u0434\u0435\u0442\u0435 \u043d\u0438 \u043e\u0442 \u043a\u043e\u0433\u043e \u0444\u0438\u043d\u0430\u043d\u0441\u043e\u0432\u043e \u0437\u0430\u0432\u0438\u0441\u0435\u0442\u044c \u0438 \u0441\u043c\u043e\u0436\u0435\u0442\u0435 \u0432 \u043f\u043e\u043b\u043d\u043e\u0439 \u043c\u0435\u0440\u0435 \u043f\u0440\u043e\u0434\u043e\u043b\u0436\u0430\u0442\u044c \u043d\u0430\u0441\u043b\u0430\u0436\u0434\u0430\u0442\u044c\u0441\u044f \u0436\u0438\u0437\u043d\u044c\u044e. \u041c\u044b \u043f\u043e\u043c\u043e\u0436\u0435\u043c \u0432\u0430\u043c \u0432\u0441\u0435 \u0437\u0430\u043f\u043b\u0430\u043d\u0438\u0440\u043e\u0432\u0430\u0442\u044c! \u0421\u043e\u0437\u0434\u0430\u043d\u0438\u0435 \u0440\u0435\u0441\u0443\u0440\u0441\u043e\u0432 \u0434\u043b\u044f \u043f\u0435\u0440\u0438\u043e\u0434\u0430, \u043a\u043e\u0433\u0434\u0430 \u0412\u044b \u0432\u044b\u0439\u0434\u0435\u0442\u0435 \u043d\u0430 \u043f\u0435\u043d\u0441\u0438\u044e, \u0440\u0430\u0437\u0443\u043c\u0435\u0435\u0442\u0441\u044f, [&hellip;]<\/p>\n","protected":false},"author":6,"featured_media":0,"parent":0,"menu_order":0,"comment_status":"closed","ping_status":"closed","template":"","meta":{"footnotes":""},"class_list":["post-5509","page","type-page","status-publish","hentry"],"aioseo_notices":[],"_links":{"self":[{"href":"https:\/\/fintalk.cz\/ru\/wp-json\/wp\/v2\/pages\/5509","targetHints":{"allow":["GET"]}}],"collection":[{"href":"https:\/\/fintalk.cz\/ru\/wp-json\/wp\/v2\/pages"}],"about":[{"href":"https:\/\/fintalk.cz\/ru\/wp-json\/wp\/v2\/types\/page"}],"author":[{"embeddable":true,"href":"https:\/\/fintalk.cz\/ru\/wp-json\/wp\/v2\/users\/6"}],"replies":[{"embeddable":true,"href":"https:\/\/fintalk.cz\/ru\/wp-json\/wp\/v2\/comments?post=5509"}],"version-history":[{"count":4,"href":"https:\/\/fintalk.cz\/ru\/wp-json\/wp\/v2\/pages\/5509\/revisions"}],"predecessor-version":[{"id":5513,"href":"https:\/\/fintalk.cz\/ru\/wp-json\/wp\/v2\/pages\/5509\/revisions\/5513"}],"wp:attachment":[{"href":"https:\/\/fintalk.cz\/ru\/wp-json\/wp\/v2\/media?parent=5509"}],"curies":[{"name":"wp","href":"https:\/\/api.w.org\/{rel}","templated":true}]}}